{"id":1118,"date":"2024-09-16T13:46:18","date_gmt":"2024-09-16T13:46:18","guid":{"rendered":"https:\/\/2miil.com\/?page_id=1118"},"modified":"2026-05-03T15:11:16","modified_gmt":"2026-05-03T15:11:16","slug":"disposable-blanket-for-phototherapy-custom-made-products","status":"publish","type":"page","link":"https:\/\/2miil.com\/en\/amplia-gama-de-productos-sanitarios-de-2miil\/cobertor-desechable-para-fototerapia-productos-a-medida\/","title":{"rendered":"Cobertor Desechable para Fototerapia | Productos a Medida"},"content":{"rendered":"<div class=\"et_pb_section_0 et_pb_section et_section_regular et_block_section\"><div class=\"et_pb_row_0 et_pb_row et_block_row et_animated\"><div class=\"et_pb_column_0 et_pb_column et_pb_column_4_4 et-last-child et_block_column et_pb_css_mix_blend_mode_passthrough\"><div class=\"et_pb_text_0 et_pb_text et_pb_bg_layout_light et_pb_module et_block_module et_pb_text_align_center\"><div class=\"et_pb_text_inner\"><h1>DISPOSABLE LIGHT THERAPY BLANKET<\/h1>\n<\/div><\/div><div class=\"et_pb_text_1 et_pb_text et_pb_bg_layout_light et_pb_module et_block_module preset--module--divi-text--249b8ba7-e44f-4542-b0f9-576ae9ec2b8a\"><div class=\"et_pb_text_inner\"><p style=\"text-align: justify;\">The 2miil disposable phototherapy drape is specifically designed for use in neonatal phototherapy treatments, providing protection and comfort for the newborn. This disposable blanket is made of soft, breathable materials that allow for adequate ventilation while protecting the baby's sensitive skin during exposure to therapeutic light. In addition, its ergonomic, disposable design ensures hygiene and minimises the risk of cross-infection. The drape is available in various sizes, adapting to the specific needs of each patient and facilitating its use in clinical settings.<\/p>\n<\/div><\/div><\/div><\/div><\/div><div class=\"et_pb_section_1 et_pb_section et_section_regular et_block_section\"><div class=\"et_pb_row_1 et_pb_row et_pb_equal_columns et_block_row\"><div class=\"et_pb_column_1 et_pb_column et_pb_column_1_2 et_block_column et_pb_css_mix_blend_mode_passthrough\"><div class=\"et_pb_text_2 et_pb_text et_pb_bg_layout_light et_pb_module et_block_module preset--module--divi-text--518b265b-5a1a-407c-bd57-e7a2b58be268\"><div class=\"et_pb_text_inner\"><h3>SU-315<\/h3>\n<\/div><\/div><div class=\"et_pb_divider_0 et_pb_divider et_pb_space et_pb_divider_position_top et_pb_module\"><div class=\"et_pb_divider_internal\"><\/div><\/div><div class=\"et_pb_gallery_0 et_pb_gallery et_pb_bg_layout_light et_pb_slider et_pb_gallery_fullwidth clearfix et_pb_module\" data-auto-rotate=\"off\" data-auto-rotate-speed=\"\"><div class=\"et_pb_gallery_items et_post_gallery clearfix\" data-per_page=\"4\"><div class=\"et_pb_gallery_item et_pb_gallery_item_0_0\"><div class=\"et_pb_gallery_image landscape\" data-per_page=\"4\"><a href=\"https:\/\/2miil.com\/wp-content\/uploads\/2024\/06\/Logotipo-2-miil-positivo.webp\" title=\"Logo 2 miil positive\"><img loading=\"lazy\" decoding=\"async\" width=\"1364\" height=\"646\" src=\"https:\/\/2miil.com\/wp-content\/uploads\/2024\/06\/Logotipo-2-miil-positivo.webp\" alt=\"Disposable phototherapy blanket, Neonatal phototherapy products, 2mil phototherapy blankets, Protection in neonatal treatments, Disposable baby blanket, Phototherapy sanitary products, Disposable phototherapy blankets, Medical equipment for neonatology, Phototherapy treatments for newborns, Custom phototherapy products\" class=\"wp-image-13\" \/><span class=\"et_overlay\" data-icon=\"\" data-icon-tablet=\"\" data-icon-phone=\"\"><\/span><\/a><\/div><\/div><\/div><\/div><\/div><div class=\"et_pb_column_2 et_pb_column et_pb_column_1_2 et-last-child et_block_column et_pb_css_mix_blend_mode_passthrough\"><div class=\"et_pb_text_3 et_pb_text et_pb_bg_layout_light et_pb_module et_block_module preset--module--divi-text--518b265b-5a1a-407c-bd57-e7a2b58be268\"><div class=\"et_pb_text_inner\"><h3>Application<\/h3>\n<\/div><\/div><div class=\"et_pb_divider_1 et_pb_divider et_pb_space et_pb_divider_position_top et_pb_module\"><div class=\"et_pb_divider_internal\"><\/div><\/div><div class=\"et_pb_text_4 et_pb_text et_pb_bg_layout_light et_pb_module et_block_module preset--module--divi-text--c6e0ba89-0d7e-4e8c-a749-47fa1f269446\"><div class=\"et_pb_text_inner\"><p style=\"text-align: justify;\">Medical device designed to cover and protect the phototherapy plate, being able to wrap the baby by means of the velcro-type support tape. With the tape we make the treatment easier and favour the skin-to-skin method.<\/p>\n<p style=\"text-align: justify;\">Product with soft edges to avoid possible chafing injuries.<\/p>\n<\/div><\/div><\/div><\/div><\/div><div class=\"et_pb_section_2 et_pb_section et_section_regular et_block_section\"><div class=\"et_pb_row_2 et_pb_row et_pb_equal_columns et_block_row\"><div class=\"et_pb_column_3 et_pb_column et_pb_column_1_2 et_block_column et_pb_css_mix_blend_mode_passthrough\"><div class=\"et_pb_text_5 et_pb_text et_pb_bg_layout_light et_pb_module et_block_module preset--module--divi-text--518b265b-5a1a-407c-bd57-e7a2b58be268\"><div class=\"et_pb_text_inner\"><h3>Usage information<\/h3>\n<\/div><\/div><div class=\"et_pb_divider_2 et_pb_divider et_pb_space et_pb_divider_position_top et_pb_module\"><div class=\"et_pb_divider_internal\"><\/div><\/div><div class=\"et_pb_blurb_0 et_pb_blurb et_pb_bg_layout_light et_pb_blurb_position_left et_pb_module et_block_module preset--module--divi-blurb--070d06a8-5f1a-46b8-8f6b-a12cb3c20d23\"><div class=\"et_pb_blurb_content\"><div class=\"et_pb_main_blurb_image\"><span class=\"et_pb_image_wrap\"><span class=\"et-pb-icon\">\\<\/span><\/span><\/div><div class=\"et_pb_blurb_container\"><div class=\"et_pb_blurb_description\"><p style=\"text-align: justify;\">Insert the phototherapy plate in the designated area.<\/p>\n<\/div><\/div><\/div><\/div><div class=\"et_pb_blurb_1 et_pb_blurb et_pb_bg_layout_light et_pb_blurb_position_left et_pb_module et_block_module preset--module--divi-blurb--070d06a8-5f1a-46b8-8f6b-a12cb3c20d23\"><div class=\"et_pb_blurb_content\"><div class=\"et_pb_main_blurb_image\"><span class=\"et_pb_image_wrap\"><span class=\"et-pb-icon\">\\<\/span><\/span><\/div><div class=\"et_pb_blurb_container\"><div class=\"et_pb_blurb_description\"><p>Place the baby on the cushioned face.<\/p>\n<\/div><\/div><\/div><\/div><div class=\"et_pb_blurb_2 et_pb_blurb et_pb_bg_layout_light et_pb_blurb_position_left et_pb_module et_block_module preset--module--divi-blurb--070d06a8-5f1a-46b8-8f6b-a12cb3c20d23\"><div class=\"et_pb_blurb_content\"><div class=\"et_pb_main_blurb_image\"><span class=\"et_pb_image_wrap\"><span class=\"et-pb-icon\">\\<\/span><\/span><\/div><div class=\"et_pb_blurb_container\"><div class=\"et_pb_blurb_description\"><p style=\"text-align: justify;\">You can use the support strap for a more secure fixation.<\/p>\n<\/div><\/div><\/div><\/div><div class=\"et_pb_text_6 et_pb_text et_pb_bg_layout_light et_pb_module et_block_module preset--module--divi-text--518b265b-5a1a-407c-bd57-e7a2b58be268\"><div class=\"et_pb_text_inner\"><h3>CUSHIONING CHARACTERISTICS<\/h3>\n<\/div><\/div><div class=\"et_pb_divider_3 et_pb_divider et_pb_space et_pb_divider_position_top et_pb_module\"><div class=\"et_pb_divider_internal\"><\/div><\/div><div class=\"et_pb_text_7 et_pb_text et_pb_bg_layout_light et_pb_module et_block_module preset--module--divi-text--6796a260-0e81-4c0b-aba4-644126d4631e\"><div class=\"et_pb_text_inner\"><p style=\"text-align: justify;\">Inner side, quilted polyester 100 %. Comfortable and breathable 100 %.<\/p>\n<p style=\"text-align: justify;\">Ventilated outer side in openwork mesh fabric 100 % polyester and skin contact fabric in 45 gr\/m2 polyester. Hypoallergenic. Very soft.<\/p>\n<p style=\"text-align: justify;\">In order to guarantee a perfect embrace and at the same time an immediate opening, the dimensions of the cover must match the phototherapy plate.<\/p>\n<\/div><\/div><\/div><div class=\"et_pb_column_4 et_pb_column et_pb_column_1_2 et-last-child et_block_column et_pb_css_mix_blend_mode_passthrough\"><div class=\"et_pb_text_8 et_pb_text et_pb_bg_layout_light et_pb_module et_block_module preset--module--divi-text--518b265b-5a1a-407c-bd57-e7a2b58be268\"><div class=\"et_pb_text_inner\"><h3>CHARACTERISTICS OF THE TAPE<\/h3>\n<\/div><\/div><div class=\"et_pb_divider_4 et_pb_divider et_pb_space et_pb_divider_position_top et_pb_module\"><div class=\"et_pb_divider_internal\"><\/div><\/div><div class=\"et_pb_text_9 et_pb_text et_pb_bg_layout_light et_pb_module et_block_module preset--module--divi-text--6796a260-0e81-4c0b-aba4-644126d4631e\"><div class=\"et_pb_text_inner\"><p style=\"text-align: justify;\">Made with different fabrics sealed together by ultrasound, creating a micro-padding for comfort, adaptability and resistance. Soft and non-irritating to the skin.<\/p>\n<p style=\"text-align: justify;\">Made of textiles certified according to Oeko-Tex Standard 100.<\/p>\n<p style=\"text-align: justify;\">(<em>Certification that guarantees that the fabrics are free of substances harmful to health, in addition to higher product quality in terms of health and sustainability.<\/em>).<\/p>\n<\/div><\/div><div class=\"et_pb_text_10 et_pb_text et_pb_bg_layout_light et_pb_module et_block_module preset--module--divi-text--518b265b-5a1a-407c-bd57-e7a2b58be268\"><div class=\"et_pb_text_inner\"><h3>TAPE LENGTH<\/h3>\n<\/div><\/div><div class=\"et_pb_divider_5 et_pb_divider et_pb_space et_pb_divider_position_top et_pb_module\"><div class=\"et_pb_divider_internal\"><\/div><\/div><div class=\"et_pb_text_11 et_pb_text et_pb_bg_layout_light et_pb_module et_block_module preset--module--divi-text--6796a260-0e81-4c0b-aba4-644126d4631e\"><div class=\"et_pb_text_inner\"><p>Length 65 cm x 6 cm wide.<\/p>\n<\/div><\/div><\/div><\/div><\/div><div class=\"et_pb_section_3 et_pb_section et_section_regular et_block_section\"><div class=\"et_pb_row_3 et_pb_row et_pb_equal_columns et_block_row\"><div class=\"et_pb_column_5 et_pb_column et_pb_column_1_2 et_block_column et_pb_css_mix_blend_mode_passthrough\"><div class=\"et_pb_text_12 et_pb_text et_pb_bg_layout_light et_pb_module et_block_module preset--module--divi-text--518b265b-5a1a-407c-bd57-e7a2b58be268\"><div class=\"et_pb_text_inner\"><h3>Warnings and Recommendations<\/h3>\n<\/div><\/div><div class=\"et_pb_blurb_3 et_pb_blurb et_pb_bg_layout_light et_pb_blurb_position_left et_pb_module et_block_module preset--module--divi-blurb--070d06a8-5f1a-46b8-8f6b-a12cb3c20d23\"><div class=\"et_pb_blurb_content\"><div class=\"et_pb_main_blurb_image\"><span class=\"et_pb_image_wrap\"><span class=\"et-pb-icon\">\uf7f5<\/span><\/span><\/div><div class=\"et_pb_blurb_container\"><div class=\"et_pb_blurb_description\"><p style=\"text-align: justify;\">Using the product on a single patient could lead to cross-infection.<\/p>\n<\/div><\/div><\/div><\/div><div class=\"et_pb_blurb_4 et_pb_blurb et_pb_bg_layout_light et_pb_blurb_position_left et_pb_module et_block_module preset--module--divi-blurb--070d06a8-5f1a-46b8-8f6b-a12cb3c20d23\"><div class=\"et_pb_blurb_content\"><div class=\"et_pb_main_blurb_image\"><span class=\"et_pb_image_wrap\"><span class=\"et-pb-icon\">\uf7f5<\/span><\/span><\/div><div class=\"et_pb_blurb_container\"><div class=\"et_pb_blurb_description\"><p>Do not use the product on open wounds or injured skin.<\/p>\n<\/div><\/div><\/div><\/div><div class=\"et_pb_blurb_5 et_pb_blurb et_pb_bg_layout_light et_pb_blurb_position_left et_pb_module et_block_module preset--module--divi-blurb--070d06a8-5f1a-46b8-8f6b-a12cb3c20d23\"><div class=\"et_pb_blurb_content\"><div class=\"et_pb_main_blurb_image\"><span class=\"et_pb_image_wrap\"><span class=\"et-pb-icon\">\uf7f5<\/span><\/span><\/div><div class=\"et_pb_blurb_container\"><div class=\"et_pb_blurb_description\"><p style=\"text-align: justify;\">Do not use the product if it is damaged, dirty or contaminated.<\/p>\n<\/div><\/div><\/div><\/div><\/div><div class=\"et_pb_column_6 et_pb_column et_pb_column_1_2 et-last-child et_block_column et_pb_css_mix_blend_mode_passthrough\"><div class=\"et_pb_blurb_6 et_pb_blurb et_pb_bg_layout_light et_pb_blurb_position_left et_pb_module et_block_module preset--module--divi-blurb--faab6ca1-9f62-4775-9c10-b09993095acb\"><div class=\"et_pb_blurb_content\"><div class=\"et_pb_blurb_container\"><h4 class=\"et_pb_module_header\">Storage and shelf life:<\/h4><div class=\"et_pb_blurb_description\"><ul>\n<li style=\"text-align: justify;\">Store in a cool, dry place.<\/li>\n<li style=\"text-align: justify;\">Avoid exposure to direct sunlight.<\/li>\n<li style=\"text-align: justify;\">The shelf life is determined by the type and amount of use of the product in the same patient.<\/li>\n<li style=\"text-align: justify;\">Single use per patient.<\/li>\n<li style=\"text-align: justify;\">Shelf life: 5 years from date of manufacture.<\/li>\n<\/ul>\n<\/div><\/div><\/div><\/div><\/div><\/div><div class=\"et_pb_row_4 et_pb_row et_pb_equal_columns et_block_row\"><div class=\"et_pb_column_7 et_pb_column et_pb_column_1_3 et_block_column et_pb_css_mix_blend_mode_passthrough\"><div class=\"et_pb_text_13 et_pb_text et_pb_bg_layout_light et_pb_module et_block_module preset--module--divi-text--518b265b-5a1a-407c-bd57-e7a2b58be268\"><div class=\"et_pb_text_inner\"><h3>LOGISTICS<\/h3>\n<\/div><\/div><div class=\"et_pb_module et_pb_button_module_wrapper et_pb_button_0_wrapper preset--module--divi-button--3f75187f-2e24-4b15-a16a-f38559f3eb48_wrapper\"><a class=\"et_pb_button_0 et_pb_button et_pb_bg_layout_light et_pb_module et_block_module preset--module--divi-button--3f75187f-2e24-4b15-a16a-f38559f3eb48\" href=\"https:\/\/2miil.com\/en\/contact-us-2miil\/\">TALK TO AN EXPERT<\/a><\/div><div class=\"et_pb_image_0 et_pb_image et_pb_module et_block_module\"><span class=\"et_pb_image_wrap\"><img loading=\"lazy\" decoding=\"async\" src=\"https:\/\/2miil.com\/wp-content\/uploads\/2024\/08\/2-miil-productos-sanitarios-de-alta-calidad-simbolos.webp\" width=\"1600\" height=\"385\" class=\"wp-image-483\" title=\"2,000 high quality sanitary products symbols\" alt=\"2,000 high quality sanitary products symbols\" \/><\/span><\/div><\/div><div class=\"et_pb_column_8 et_pb_column et_pb_column_1_3 et_block_column et_pb_css_mix_blend_mode_passthrough\"><div class=\"et_pb_text_14 et_pb_text et_pb_bg_layout_light et_pb_module et_block_module preset--module--divi-text--95a66c21-a2c8-42a5-aee7-51485b861c44\"><div class=\"et_pb_text_inner\"><h5>SU-315<\/h5>\n<\/div><\/div><div class=\"et_pb_divider_6 et_pb_divider et_pb_space et_pb_divider_position_top et_pb_module\"><div class=\"et_pb_divider_internal\"><\/div><\/div><div class=\"et_pb_text_15 et_pb_text et_pb_bg_layout_light et_pb_module et_block_module preset--module--divi-text--f6b5b713-ebb8-4e48-9910-73ee0bcf16db\"><div class=\"et_pb_text_inner\"><p><strong>SIZE: <\/strong>40 x 30 CM<strong><\/strong><\/p>\n<p><strong>UDS\/BOX: <\/strong>30<\/p>\n<p><strong>GTIN: <\/strong>8435194402354<strong><br \/>\n<\/strong><\/p>\n<p>* Tolerance +\/- 1 cm<\/p>\n<\/div><\/div><\/div><div class=\"et_pb_column_9 et_pb_column et_pb_column_1_3 et-last-child et_block_column et_pb_css_mix_blend_mode_passthrough\"><div class=\"et_pb_text_16 et_pb_text et_pb_bg_layout_light et_pb_module et_block_module preset--module--divi-text--95a66c21-a2c8-42a5-aee7-51485b861c44\"><div class=\"et_pb_text_inner\"><h5>SU-315 P<\/h5>\n<\/div><\/div><div class=\"et_pb_divider_7 et_pb_divider et_pb_space et_pb_divider_position_top et_pb_module\"><div class=\"et_pb_divider_internal\"><\/div><\/div><div class=\"et_pb_text_17 et_pb_text et_pb_bg_layout_light et_pb_module et_block_module preset--module--divi-text--f6b5b713-ebb8-4e48-9910-73ee0bcf16db\"><div class=\"et_pb_text_inner\"><p><strong>SIZE: <\/strong>40 x 20 CM<strong><\/strong><\/p>\n<p><strong>UDS\/BOX: <\/strong>30<\/p>\n<p><strong>GTIN: <\/strong>8435194402637<strong><br \/>\n<\/strong><\/p>\n<p>* Tolerance +\/- 1 cm<\/p>\n<\/div><\/div><\/div><\/div><\/div>","protected":false},"excerpt":{"rendered":"","protected":false},"author":1,"featured_media":0,"parent":55,"menu_order":0,"comment_status":"closed","ping_status":"closed","template":"","meta":{"_seopress_robots_primary_cat":"","_seopress_titles_title":"Cobertor Desechable para Fototerapia | Protecci\u00f3n y Comodidad por 2miil","_seopress_titles_desc":"Descubra el cobertor desechable para fototerapia de 2miil, dise\u00f1ado para ofrecer protecci\u00f3n y confort durante los tratamientos de fototerapia neonatal. Fabricado con materiales suaves y transpirables, ideal para su uso en entornos cl\u00ednicos.","_seopress_robots_index":"","footnotes":""},"class_list":["post-1118","page","type-page","status-publish"],"_links":{"self":[{"href":"https:\/\/2miil.com\/en\/wp-json\/wp\/v2\/pages\/1118","targetHints":{"allow":["GET"]}}],"collection":[{"href":"https:\/\/2miil.com\/en\/wp-json\/wp\/v2\/pages"}],"about":[{"href":"https:\/\/2miil.com\/en\/wp-json\/wp\/v2\/types\/page"}],"author":[{"embeddable":true,"href":"https:\/\/2miil.com\/en\/wp-json\/wp\/v2\/users\/1"}],"replies":[{"embeddable":true,"href":"https:\/\/2miil.com\/en\/wp-json\/wp\/v2\/comments?post=1118"}],"version-history":[{"count":1,"href":"https:\/\/2miil.com\/en\/wp-json\/wp\/v2\/pages\/1118\/revisions"}],"predecessor-version":[{"id":1924,"href":"https:\/\/2miil.com\/en\/wp-json\/wp\/v2\/pages\/1118\/revisions\/1924"}],"up":[{"embeddable":true,"href":"https:\/\/2miil.com\/en\/wp-json\/wp\/v2\/pages\/55"}],"wp:attachment":[{"href":"https:\/\/2miil.com\/en\/wp-json\/wp\/v2\/media?parent=1118"}],"curies":[{"name":"wp","href":"https:\/\/api.w.org\/{rel}","templated":true}]}}