{"id":248,"date":"2024-08-06T07:04:43","date_gmt":"2024-08-06T07:04:43","guid":{"rendered":"https:\/\/2miil.com\/?page_id=248"},"modified":"2024-08-16T04:51:04","modified_gmt":"2024-08-16T04:51:04","slug":"contact-us-2miil","status":"publish","type":"page","link":"https:\/\/2miil.com\/en\/contactenos-2miil\/","title":{"rendered":"Cont\u00e1ctenos | 2miil"},"content":{"rendered":"<p>[et_pb_section fb_built=\u00bb1&#8243; admin_label=\u00bbHeader\u00bb _builder_version=\u00bb4.27.0&#8243; _module_preset=\u00bbdefault\u00bb custom_padding=\u00bb0px||0px||true|false\u00bb locked=\u00bboff\u00bb collapsed=\u00bbon\u00bb global_colors_info=\u00bb{}\u00bb use_background_color_gradient=\u00bbon\u00bb background_color_gradient_direction=\u00bb90deg\u00bb background_color_gradient_stops=\u00bb#ffffff 0%|rgba(255,255,255,0) 100%\u00bb background_color_gradient_overlays_image=\u00bbon\u00bb background_image=\u00bbhttps:\/\/2miil.com\/wp-content\/uploads\/2024\/07\/hospital-2b.jpg\u00bb alt=\u00bbhospital 2b\u00bb title_text=\u00bbhospital-2b\u00bb hover_enabled=\u00bb0&#8243; sticky_enabled=\u00bb0&#8243;][et_pb_row _builder_version=\u00bb4.25.2&#8243; _module_preset=\u00bbdefault\u00bb background_enable_image=\u00bboff\u00bb width=\u00bb100%\u00bb max_width=\u00bbnone\u00bb custom_padding=\u00bb15vw|10%|15vw|10%|true|true\u00bb global_colors_info=\u00bb{}\u00bb][et_pb_column type=\u00bb4_4&#8243; _builder_version=\u00bb4.22.1&#8243; _module_preset=\u00bbdefault\u00bb global_colors_info=\u00bb{}\u00bb][et_pb_text _builder_version=\u00bb4.25.2&#8243; _module_preset=\u00bb6f0219f7-9349-4cb8-8b7b-10bbca8d1a55&#8243; header_font=\u00bb&#8211;et_global_heading_font|700||on|||||\u00bb header_text_color=\u00bb#4371D2&#8243; header_font_size=\u00bb4vw\u00bb width=\u00bb60%\u00bb custom_margin=\u00bb||10px||false|false\u00bb header_font_size_tablet=\u00bb5vw\u00bb header_font_size_phone=\u00bb8vw\u00bb header_font_size_last_edited=\u00bbon|desktop\u00bb global_colors_info=\u00bb{}\u00bb]<\/p>\n<h1>Cont\u00e1ctenos<\/h1>\n<p>[\/et_pb_text][et_pb_text _builder_version=\u00bb4.27.0&#8243; _module_preset=\u00bbcadf16b1-7f35-4654-8094-8c0c27bcd011&#8243; text_text_color=\u00bb#000000&#8243; text_font_size=\u00bb20px\u00bb text_line_height=\u00bb1.8em\u00bb header_6_font=\u00bb&#8211;et_global_heading_font|700|||||||\u00bb header_6_text_color=\u00bb#666666&#8243; header_6_font_size=\u00bb19px\u00bb width=\u00bb60%\u00bb text_font_size_tablet=\u00bb20px\u00bb text_font_size_phone=\u00bb16px\u00bb text_font_size_last_edited=\u00bbon|phone\u00bb header_6_font_size_tablet=\u00bb\u00bb header_6_font_size_phone=\u00bb16px\u00bb header_6_font_size_last_edited=\u00bbon|phone\u00bb global_colors_info=\u00bb{}\u00bb sticky_enabled=\u00bb0&#8243; text_text_color_tablet=\u00bb#000000&#8243; text_text_color_phone=\u00bb#000000&#8243; text_text_color_last_edited=\u00bbon|phone\u00bb]<\/p>\n<p>En 2miil, valoramos la comunicaci\u00f3n directa con nuestros clientes y socios. Si tiene alguna pregunta, comentario o necesita asistencia, no dude en ponerse en contacto con nosotros.<\/p>\n<p>Complete el formulario a continuaci\u00f3n, env\u00edenos un correo electr\u00f3nico o ll\u00e1menos. Nos comprometemos a responder a la mayor brevedad posible.<\/p>\n<p>[\/et_pb_text][\/et_pb_column][\/et_pb_row][\/et_pb_section]<\/p>\n","protected":false},"excerpt":{"rendered":"<p>Cont\u00e1ctenosEn 2miil, valoramos la comunicaci\u00f3n directa con nuestros clientes y socios. Si tiene alguna pregunta, comentario o necesita asistencia, no dude en ponerse en contacto con nosotros. Complete el formulario a continuaci\u00f3n, env\u00edenos un correo electr\u00f3nico o ll\u00e1menos. Nos comprometemos a responder a la mayor brevedad posible.<\/p>","protected":false},"author":1,"featured_media":0,"parent":0,"menu_order":0,"comment_status":"closed","ping_status":"closed","template":"","meta":{"_seopress_robots_primary_cat":"","_seopress_titles_title":"Cont\u00e1ctenos - 2miil | Atenci\u00f3n al Cliente y Soporte de Productos Sanitarios","_seopress_titles_desc":"P\u00f3ngase en contacto con 2miil para consultas sobre nuestros productos sanitarios de alta calidad. Estamos aqu\u00ed para ayudarle. Complete nuestro formulario de contacto o ll\u00e1menos hoy.","_seopress_robots_index":"","_et_pb_use_builder":"on","_et_pb_old_content":"","_et_gb_content_width":"","footnotes":""},"class_list":["post-248","page","type-page","status-publish"],"_links":{"self":[{"href":"https:\/\/2miil.com\/en\/wp-json\/wp\/v2\/pages\/248","targetHints":{"allow":["GET"]}}],"collection":[{"href":"https:\/\/2miil.com\/en\/wp-json\/wp\/v2\/pages"}],"about":[{"href":"https:\/\/2miil.com\/en\/wp-json\/wp\/v2\/types\/page"}],"author":[{"embeddable":true,"href":"https:\/\/2miil.com\/en\/wp-json\/wp\/v2\/users\/1"}],"replies":[{"embeddable":true,"href":"https:\/\/2miil.com\/en\/wp-json\/wp\/v2\/comments?post=248"}],"version-history":[{"count":0,"href":"https:\/\/2miil.com\/en\/wp-json\/wp\/v2\/pages\/248\/revisions"}],"wp:attachment":[{"href":"https:\/\/2miil.com\/en\/wp-json\/wp\/v2\/media?parent=248"}],"curies":[{"name":"wp","href":"https:\/\/api.w.org\/{rel}","templated":true}]}}