{"id":289,"date":"2024-06-20T10:55:55","date_gmt":"2024-06-20T10:55:55","guid":{"rendered":"https:\/\/2miil.com\/?page_id=289"},"modified":"2026-05-03T15:08:42","modified_gmt":"2026-05-03T15:08:42","slug":"pr-100","status":"publish","type":"page","link":"https:\/\/2miil.com\/en\/amplia-gama-de-productos-sanitarios-de-2miil\/pr-100\/","title":{"rendered":"PR100 de 2miil &#8211; Protecci\u00f3n Superior para Talones y Codos"},"content":{"rendered":"<div class=\"et_pb_section_0 et_pb_section et_section_regular et_block_section\"><div class=\"et_pb_row_0 et_pb_row et_block_row et_animated\"><div class=\"et_pb_column_0 et_pb_column et_pb_column_4_4 et-last-child et_block_column et_pb_css_mix_blend_mode_passthrough\"><div class=\"et_pb_text_0 et_pb_text et_pb_bg_layout_light et_pb_module et_block_module et_pb_text_align_center\"><div class=\"et_pb_text_inner\"><h1>PR-100+ \/ PR-100F<\/h1>\n<\/div><\/div><div class=\"et_pb_text_1 et_pb_text et_pb_bg_layout_light et_pb_module et_block_module preset--module--divi-text--249b8ba7-e44f-4542-b0f9-576ae9ec2b8a\"><div class=\"et_pb_text_inner\"><p style=\"text-align: justify;\">Our PREVESCAR models offer a wide variety of solutions, whether for heel or elbow protection. We have basic options and others with special design features, guaranteeing 100 % efficiency, as they do not detach from the patient during normal or involuntary movements. All of these models are manufactured with our unique 2miil padding, which is breathable, seamless, soft and extremely comfortable. In addition, we offer a foam design for those customers who, for technical reasons, prefer this specific material.<\/p>\n<\/div><\/div><\/div><\/div><\/div><div class=\"et_pb_section_1 et_pb_section et_section_regular et_block_section\"><div class=\"et_pb_row_1 et_pb_row et_pb_equal_columns et_block_row\"><div class=\"et_pb_column_1 et_pb_column et_pb_column_1_2 et_block_column et_pb_css_mix_blend_mode_passthrough\"><div class=\"et_pb_text_2 et_pb_text et_pb_bg_layout_light et_pb_module et_block_module preset--module--divi-text--518b265b-5a1a-407c-bd57-e7a2b58be268\"><div class=\"et_pb_text_inner\"><h2>PR-100+<\/h2>\n<\/div><\/div><div class=\"et_pb_divider_0 et_pb_divider et_pb_space et_pb_divider_position_top et_pb_module\"><div class=\"et_pb_divider_internal\"><\/div><\/div><div class=\"et_pb_text_3 et_pb_text et_pb_bg_layout_light et_pb_module et_block_module preset--module--divi-text--c6e0ba89-0d7e-4e8c-a749-47fa1f269446\"><div class=\"et_pb_text_inner\"><p style=\"text-align: justify;\">300 g\/m2 resin-free polyester fibre padding 100 %, very soft and comfortable.<\/p>\n<p style=\"text-align: justify;\">Full-surface cushioning for greater patient comfort.<\/p>\n<\/div><\/div><div class=\"et_pb_gallery_0 et_pb_gallery et_pb_bg_layout_light et_pb_slider et_pb_gallery_fullwidth clearfix et_pb_module\" data-auto-rotate=\"off\" data-auto-rotate-speed=\"\"><div class=\"et_pb_gallery_items et_post_gallery clearfix\" data-per_page=\"4\"><div class=\"et_pb_gallery_item et_pb_gallery_item_0_0\"><div class=\"et_pb_gallery_image landscape\" data-per_page=\"4\"><a href=\"https:\/\/2miil.com\/wp-content\/uploads\/2024\/06\/2miil-prevencion-de-escaras-modelo-100_01.webp\" title=\"2miil Bedsore Prevention Model 100+_01\"><img loading=\"lazy\" decoding=\"async\" width=\"1024\" height=\"768\" src=\"https:\/\/2miil.com\/wp-content\/uploads\/2024\/06\/2miil-prevencion-de-escaras-modelo-100_01.webp\" alt=\"2miil bedsore prevention model 100+ 01\" class=\"wp-image-304\" \/><span class=\"et_overlay\" data-icon=\"\" data-icon-tablet=\"\" data-icon-phone=\"\"><\/span><\/a><\/div><\/div><div class=\"et_pb_gallery_item et_pb_gallery_item_0_1\"><div class=\"et_pb_gallery_image landscape\" data-per_page=\"4\"><a href=\"https:\/\/2miil.com\/wp-content\/uploads\/2024\/06\/2miil-prevencion-de-escaras-modelo-100-1.webp\" title=\"2miil Bedsore Prevention Model 100+\"><img loading=\"lazy\" decoding=\"async\" width=\"1024\" height=\"768\" src=\"https:\/\/2miil.com\/wp-content\/uploads\/2024\/06\/2miil-prevencion-de-escaras-modelo-100-1.webp\" alt=\"2miil bed sore prevention model 100+\" class=\"wp-image-305\" \/><span class=\"et_overlay\" data-icon=\"\" data-icon-tablet=\"\" data-icon-phone=\"\"><\/span><\/a><\/div><\/div><div class=\"et_pb_gallery_item et_pb_gallery_item_0_2\"><div class=\"et_pb_gallery_image landscape\" data-per_page=\"4\"><a href=\"https:\/\/2miil.com\/wp-content\/uploads\/2024\/06\/2miil-prevencion-de-escaras-modelo-100.webp\" title=\"2miil Bedsore Prevention Model 100+\"><img loading=\"lazy\" decoding=\"async\" width=\"1920\" height=\"1080\" src=\"https:\/\/2miil.com\/wp-content\/uploads\/2024\/06\/2miil-prevencion-de-escaras-modelo-100.webp\" alt=\"2miil bed sore prevention model 100+\" class=\"wp-image-270\" \/><span class=\"et_overlay\" data-icon=\"\" data-icon-tablet=\"\" data-icon-phone=\"\"><\/span><\/a><\/div><\/div><\/div><\/div><\/div><div class=\"et_pb_column_2 et_pb_column et_pb_column_1_2 et-last-child et_block_column et_pb_css_mix_blend_mode_passthrough\"><div class=\"et_pb_text_4 et_pb_text et_pb_bg_layout_light et_pb_module et_block_module preset--module--divi-text--518b265b-5a1a-407c-bd57-e7a2b58be268\"><div class=\"et_pb_text_inner\"><h2>PR-100F<\/h2>\n<\/div><\/div><div class=\"et_pb_divider_1 et_pb_divider et_pb_space et_pb_divider_position_top et_pb_module\"><div class=\"et_pb_divider_internal\"><\/div><\/div><div class=\"et_pb_text_5 et_pb_text et_pb_bg_layout_light et_pb_module et_block_module preset--module--divi-text--c6e0ba89-0d7e-4e8c-a749-47fa1f269446\"><div class=\"et_pb_text_inner\"><p style=\"text-align: justify;\">10 mm thick polyether foam padding 100 % (PU), resin-free, very soft and comfortable.<\/p>\n<p style=\"text-align: justify;\">Full-surface cushioning for greater patient comfort.<\/p>\n<\/div><\/div><div class=\"et_pb_gallery_1 et_pb_gallery et_pb_bg_layout_light et_pb_slider et_pb_gallery_fullwidth clearfix et_pb_module\" data-auto-rotate=\"off\" data-auto-rotate-speed=\"\"><div class=\"et_pb_gallery_items et_post_gallery clearfix\" data-per_page=\"4\"><div class=\"et_pb_gallery_item et_pb_gallery_item_1_0\"><div class=\"et_pb_gallery_image landscape\" data-per_page=\"4\"><a href=\"https:\/\/2miil.com\/wp-content\/uploads\/2024\/06\/2miil-prevencion-de-escaras-modelo-100f.webp\" title=\"2miil Bedsore Prevention Model 100F\"><img loading=\"lazy\" decoding=\"async\" width=\"1024\" height=\"768\" src=\"https:\/\/2miil.com\/wp-content\/uploads\/2024\/06\/2miil-prevencion-de-escaras-modelo-100f.webp\" alt=\"2miil bedsore prevention model 100f\" class=\"wp-image-302\" \/><span class=\"et_overlay\" data-icon=\"\" data-icon-tablet=\"\" data-icon-phone=\"\"><\/span><\/a><\/div><\/div><div class=\"et_pb_gallery_item et_pb_gallery_item_1_1\"><div class=\"et_pb_gallery_image landscape\" data-per_page=\"4\"><a href=\"https:\/\/2miil.com\/wp-content\/uploads\/2024\/06\/2miil-prevencion-de-escaras-modelo-100f_01.webp\" title=\"2miil Bedsore prevention model 100F_01\"><img loading=\"lazy\" decoding=\"async\" width=\"1024\" height=\"768\" src=\"https:\/\/2miil.com\/wp-content\/uploads\/2024\/06\/2miil-prevencion-de-escaras-modelo-100f_01.webp\" alt=\"2miil bedsore prevention model 100f 01\" class=\"wp-image-301\" \/><span class=\"et_overlay\" data-icon=\"\" data-icon-tablet=\"\" data-icon-phone=\"\"><\/span><\/a><\/div><\/div><\/div><\/div><\/div><\/div><\/div><div class=\"et_pb_section_2 et_pb_section et_section_regular et_block_section\"><div class=\"et_pb_row_2 et_pb_row et_pb_equal_columns et_block_row\"><div class=\"et_pb_column_3 et_pb_column et_pb_column_1_2 et_block_column et_pb_css_mix_blend_mode_passthrough\"><div class=\"et_pb_text_6 et_pb_text et_pb_bg_layout_light et_pb_module et_block_module preset--module--divi-text--518b265b-5a1a-407c-bd57-e7a2b58be268\"><div class=\"et_pb_text_inner\"><h3>Application<\/h3>\n<\/div><\/div><div class=\"et_pb_divider_2 et_pb_divider et_pb_space et_pb_divider_position_top et_pb_module\"><div class=\"et_pb_divider_internal\"><\/div><\/div><div class=\"et_pb_text_7 et_pb_text et_pb_bg_layout_light et_pb_module et_block_module preset--module--divi-text--c6e0ba89-0d7e-4e8c-a749-47fa1f269446\"><div class=\"et_pb_text_inner\"><p style=\"text-align: justify;\">It is used in patients prone to pressure ulcers as a preventive therapy by providing protection to the foot\/elbow, thus reducing the cut between the dermal layers. It is also a means of foot protection in bedridden diabetic patients.<\/p>\n<\/div><\/div><div class=\"et_pb_text_8 et_pb_text et_pb_bg_layout_light et_pb_module et_block_module preset--module--divi-text--518b265b-5a1a-407c-bd57-e7a2b58be268\"><div class=\"et_pb_text_inner\"><h3>Usage information<\/h3>\n<\/div><\/div><div class=\"et_pb_divider_3 et_pb_divider et_pb_space et_pb_divider_position_top et_pb_module\"><div class=\"et_pb_divider_internal\"><\/div><\/div><div class=\"et_pb_blurb_0 et_pb_blurb et_pb_bg_layout_light et_pb_blurb_position_left et_pb_module et_block_module preset--module--divi-blurb--070d06a8-5f1a-46b8-8f6b-a12cb3c20d23\"><div class=\"et_pb_blurb_content\"><div class=\"et_pb_main_blurb_image\"><span class=\"et_pb_image_wrap\"><span class=\"et-pb-icon\">\\<\/span><\/span><\/div><div class=\"et_pb_blurb_container\"><div class=\"et_pb_blurb_description\"><p style=\"text-align: justify;\">Place the product on the area to be prevented (elbow\/heel).<\/p>\n<\/div><\/div><\/div><\/div><div class=\"et_pb_blurb_1 et_pb_blurb et_pb_bg_layout_light et_pb_blurb_position_left et_pb_module et_block_module preset--module--divi-blurb--070d06a8-5f1a-46b8-8f6b-a12cb3c20d23\"><div class=\"et_pb_blurb_content\"><div class=\"et_pb_main_blurb_image\"><span class=\"et_pb_image_wrap\"><span class=\"et-pb-icon\">\\<\/span><\/span><\/div><div class=\"et_pb_blurb_container\"><div class=\"et_pb_blurb_description\"><p style=\"text-align: justify;\">Turn the tape to the right size for the area to be treated and fix it with Velcro.<\/p>\n<\/div><\/div><\/div><\/div><\/div><div class=\"et_pb_column_4 et_pb_column et_pb_column_1_2 et-last-child et_block_column et_pb_css_mix_blend_mode_passthrough\"><div class=\"et_pb_text_9 et_pb_text et_pb_bg_layout_light et_pb_module et_block_module preset--module--divi-text--35d2a10f-fbd5-41b6-88b2-0bc320a70203\"><div class=\"et_pb_text_inner\"><h3><strong>Fabrics used in cushioning<\/strong><\/h3>\n<\/div><\/div><div class=\"et_pb_divider_4 et_pb_divider et_pb_space et_pb_divider_position_top et_pb_module\"><div class=\"et_pb_divider_internal\"><\/div><\/div><div class=\"et_pb_text_10 et_pb_text et_pb_bg_layout_light et_pb_module et_block_module preset--module--divi-text--6796a260-0e81-4c0b-aba4-644126d4631e\"><div class=\"et_pb_text_inner\"><p style=\"text-align: justify;\">We manufacture with ultrasonic fabric bonding technology, with no adhesives or glues, achieving 100 % breathability.<br \/>With this technology we avoid side seams, which can cause some kind of injury due to friction.<\/p>\n<p style=\"text-align: justify;\">Inner skin contact layer of 45 gr\/m2 polyester. Hypoallergenic.<\/p>\n<p style=\"text-align: justify;\">Outer layer, polyester 100% perfect adhesion to velcro. Hypoallergenic.<\/p>\n<p style=\"text-align: justify;\">Made of textiles certified according to Oeko-Tex Standard 100.<\/p>\n<p style=\"text-align: justify;\"><em>(<\/em><em>Certification that guarantees that the fabrics are free of substances harmful to health, in addition to a higher quality of the product in terms of health and sustainability).<\/em><\/p>\n<\/div><\/div><div class=\"et_pb_text_11 et_pb_text et_pb_bg_layout_light et_pb_module et_block_module preset--module--divi-text--518b265b-5a1a-407c-bd57-e7a2b58be268\"><div class=\"et_pb_text_inner\"><h3>CHARACTERISTICS OF THE TAPE<\/h3>\n<\/div><\/div><div class=\"et_pb_divider_5 et_pb_divider et_pb_space et_pb_divider_position_top et_pb_module\"><div class=\"et_pb_divider_internal\"><\/div><\/div><div class=\"et_pb_text_12 et_pb_text et_pb_bg_layout_light et_pb_module et_block_module preset--module--divi-text--c6e0ba89-0d7e-4e8c-a749-47fa1f269446\"><div class=\"et_pb_text_inner\"><p style=\"text-align: justify;\">Made with different fabrics sealed together by ultrasound, creating a micro-padding for comfort, adaptability and resistance. Soft and non-irritating to the skin.<\/p>\n<\/div><\/div><\/div><\/div><\/div><div class=\"et_pb_section_3 et_pb_section et_section_regular et_block_section\"><div class=\"et_pb_row_3 et_pb_row et_pb_equal_columns et_block_row\"><div class=\"et_pb_column_5 et_pb_column et_pb_column_1_2 et_block_column et_pb_css_mix_blend_mode_passthrough\"><div class=\"et_pb_text_13 et_pb_text et_pb_bg_layout_light et_pb_module et_block_module preset--module--divi-text--518b265b-5a1a-407c-bd57-e7a2b58be268\"><div class=\"et_pb_text_inner\"><h3>Warnings and Recommendations<\/h3>\n<\/div><\/div><div class=\"et_pb_blurb_2 et_pb_blurb et_pb_bg_layout_light et_pb_blurb_position_left et_pb_module et_block_module preset--module--divi-blurb--070d06a8-5f1a-46b8-8f6b-a12cb3c20d23\"><div class=\"et_pb_blurb_content\"><div class=\"et_pb_main_blurb_image\"><span class=\"et_pb_image_wrap\"><span class=\"et-pb-icon\">\uf7f5<\/span><\/span><\/div><div class=\"et_pb_blurb_container\"><div class=\"et_pb_blurb_description\"><p style=\"text-align: justify;\">Using the product on a single patient could lead to cross-infection.<\/p>\n<\/div><\/div><\/div><\/div><div class=\"et_pb_blurb_3 et_pb_blurb et_pb_bg_layout_light et_pb_blurb_position_left et_pb_module et_block_module preset--module--divi-blurb--070d06a8-5f1a-46b8-8f6b-a12cb3c20d23\"><div class=\"et_pb_blurb_content\"><div class=\"et_pb_main_blurb_image\"><span class=\"et_pb_image_wrap\"><span class=\"et-pb-icon\">\uf7f5<\/span><\/span><\/div><div class=\"et_pb_blurb_container\"><div class=\"et_pb_blurb_description\"><p style=\"text-align: justify;\">Do not use the product on open wounds or injured skin.<\/p>\n<\/div><\/div><\/div><\/div><div class=\"et_pb_blurb_4 et_pb_blurb et_pb_bg_layout_light et_pb_blurb_position_left et_pb_module et_block_module preset--module--divi-blurb--070d06a8-5f1a-46b8-8f6b-a12cb3c20d23\"><div class=\"et_pb_blurb_content\"><div class=\"et_pb_main_blurb_image\"><span class=\"et_pb_image_wrap\"><span class=\"et-pb-icon\">\uf7f5<\/span><\/span><\/div><div class=\"et_pb_blurb_container\"><div class=\"et_pb_blurb_description\"><p style=\"text-align: justify;\">Do not use the product if it is damaged, dirty or contaminated.<\/p>\n<\/div><\/div><\/div><\/div><\/div><div class=\"et_pb_column_6 et_pb_column et_pb_column_1_2 et-last-child et_block_column et_pb_css_mix_blend_mode_passthrough\"><div class=\"et_pb_blurb_5 et_pb_blurb et_pb_bg_layout_light et_pb_blurb_position_left et_pb_module et_block_module preset--module--divi-blurb--faab6ca1-9f62-4775-9c10-b09993095acb\"><div class=\"et_pb_blurb_content\"><div class=\"et_pb_blurb_container\"><h4 class=\"et_pb_module_header\">Storage and shelf life:<\/h4><div class=\"et_pb_blurb_description\"><ul>\n<li style=\"text-align: justify;\">Store in a cool, dry place.<\/li>\n<li style=\"text-align: justify;\">Avoid exposure to direct sunlight.<\/li>\n<li style=\"text-align: justify;\">The shelf life is determined by the type and amount of use of the product in the same patient.<\/li>\n<li style=\"text-align: justify;\">Single use per patient.<\/li>\n<li style=\"text-align: justify;\">Shelf life: 5 years from date of manufacture.<\/li>\n<\/ul>\n<\/div><\/div><\/div><\/div><\/div><\/div><div class=\"et_pb_row_4 et_pb_row et_pb_equal_columns et_block_row\"><div class=\"et_pb_column_7 et_pb_column et_pb_column_1_3 et_block_column et_pb_css_mix_blend_mode_passthrough\"><div class=\"et_pb_text_14 et_pb_text et_pb_bg_layout_light et_pb_module et_block_module preset--module--divi-text--518b265b-5a1a-407c-bd57-e7a2b58be268\"><div class=\"et_pb_text_inner\"><h2>LOGISTICS<\/h2>\n<\/div><\/div><div class=\"et_pb_module et_pb_button_module_wrapper et_pb_button_0_wrapper preset--module--divi-button--3f75187f-2e24-4b15-a16a-f38559f3eb48_wrapper\"><a class=\"et_pb_button_0 et_pb_button et_pb_bg_layout_light et_pb_module et_block_module preset--module--divi-button--3f75187f-2e24-4b15-a16a-f38559f3eb48\" href=\"https:\/\/2miil.com\/en\/contact-us-2miil\/\">TALK TO AN EXPERT<\/a><\/div><div class=\"et_pb_image_0 et_pb_image et_pb_module et_block_module\"><span class=\"et_pb_image_wrap\"><img loading=\"lazy\" decoding=\"async\" src=\"https:\/\/2miil.com\/wp-content\/uploads\/2024\/08\/2-miil-productos-sanitarios-de-alta-calidad-simbolos.webp\" width=\"1600\" height=\"385\" class=\"wp-image-483\" title=\"2,000 high quality sanitary products symbols\" alt=\"2,000 high quality sanitary products symbols\" \/><\/span><\/div><\/div><div class=\"et_pb_column_8 et_pb_column et_pb_column_1_3 et_block_column et_pb_css_mix_blend_mode_passthrough\"><div class=\"et_pb_text_15 et_pb_text et_pb_bg_layout_light et_pb_module et_block_module preset--module--divi-text--1bea1c66-69b5-48fe-a0e6-dfce14ab13e1\"><div class=\"et_pb_text_inner\"><h3>PR-100+<\/h3>\n<\/div><\/div><div class=\"et_pb_divider_6 et_pb_divider et_pb_space et_pb_divider_position_top et_pb_module\"><div class=\"et_pb_divider_internal\"><\/div><\/div><div class=\"et_pb_text_16 et_pb_text et_pb_bg_layout_light et_pb_module et_block_module preset--module--divi-text--f6b5b713-ebb8-4e48-9910-73ee0bcf16db\"><div class=\"et_pb_text_inner\"><p><strong>PREVIEW TNT<\/strong><\/p>\n<p><strong>UDS\/BOX: <\/strong>50<\/p>\n<p><strong>GTIN: <\/strong>8435194401043<strong><br \/><\/strong><\/p>\n<\/div><\/div><\/div><div class=\"et_pb_column_9 et_pb_column et_pb_column_1_3 et-last-child et_block_column et_pb_css_mix_blend_mode_passthrough\"><div class=\"et_pb_text_17 et_pb_text et_pb_bg_layout_light et_pb_module et_block_module preset--module--divi-text--1bea1c66-69b5-48fe-a0e6-dfce14ab13e1\"><div class=\"et_pb_text_inner\"><h3>PR-100F<\/h3>\n<\/div><\/div><div class=\"et_pb_divider_7 et_pb_divider et_pb_space et_pb_divider_position_top et_pb_module\"><div class=\"et_pb_divider_internal\"><\/div><\/div><div class=\"et_pb_text_18 et_pb_text et_pb_bg_layout_light et_pb_module et_block_module preset--module--divi-text--f6b5b713-ebb8-4e48-9910-73ee0bcf16db\"><div class=\"et_pb_text_inner\"><p><strong>PREVESCAR FOAM<\/strong><\/p>\n<p><strong>UDS\/BOX: <\/strong>50<\/p>\n<p><strong>GTIN: <\/strong>8435194401319<\/p>\n<\/div><\/div><\/div><\/div><\/div>","protected":false},"excerpt":{"rendered":"","protected":false},"author":1,"featured_media":0,"parent":55,"menu_order":0,"comment_status":"closed","ping_status":"closed","template":"","meta":{"_seopress_robots_primary_cat":"","_seopress_titles_title":"PR100 de 2miil | Protecci\u00f3n Eficiente para Talones y Codos","_seopress_titles_desc":"Descubra el PR100 de 2miil, dise\u00f1ado para ofrecer protecci\u00f3n avanzada para talones y codos. Fabricado con nuestro exclusivo almohadillado 2miil y disponible en dise\u00f1os especiales para una m\u00e1xima eficiencia y comodidad.","_seopress_robots_index":"","footnotes":""},"class_list":["post-289","page","type-page","status-publish"],"_links":{"self":[{"href":"https:\/\/2miil.com\/en\/wp-json\/wp\/v2\/pages\/289","targetHints":{"allow":["GET"]}}],"collection":[{"href":"https:\/\/2miil.com\/en\/wp-json\/wp\/v2\/pages"}],"about":[{"href":"https:\/\/2miil.com\/en\/wp-json\/wp\/v2\/types\/page"}],"author":[{"embeddable":true,"href":"https:\/\/2miil.com\/en\/wp-json\/wp\/v2\/users\/1"}],"replies":[{"embeddable":true,"href":"https:\/\/2miil.com\/en\/wp-json\/wp\/v2\/comments?post=289"}],"version-history":[{"count":4,"href":"https:\/\/2miil.com\/en\/wp-json\/wp\/v2\/pages\/289\/revisions"}],"predecessor-version":[{"id":1897,"href":"https:\/\/2miil.com\/en\/wp-json\/wp\/v2\/pages\/289\/revisions\/1897"}],"up":[{"embeddable":true,"href":"https:\/\/2miil.com\/en\/wp-json\/wp\/v2\/pages\/55"}],"wp:attachment":[{"href":"https:\/\/2miil.com\/en\/wp-json\/wp\/v2\/media?parent=289"}],"curies":[{"name":"wp","href":"https:\/\/api.w.org\/{rel}","templated":true}]}}