{"id":42,"date":"2024-06-18T12:01:31","date_gmt":"2024-06-18T12:01:31","guid":{"rendered":"https:\/\/2miil.com\/?page_id=42"},"modified":"2025-06-11T13:55:27","modified_gmt":"2025-06-11T13:55:27","slug":"history-and-commitment-2miil-innovation-and-commitment-in-medical-devices","status":"publish","type":"page","link":"https:\/\/2miil.com\/en\/historia-y-compromiso-2miil-innovacion-y-compromiso-en-productos-sanitarios\/","title":{"rendered":"Historia y Compromiso &#8211; 2miil | Innovaci\u00f3n y Compromiso en Productos Sanitarios"},"content":{"rendered":"<p>[et_pb_section fb_built=\u00bb1&#8243; admin_label=\u00bbHeader\u00bb _builder_version=\u00bb4.27.0&#8243; _module_preset=\u00bbdefault\u00bb use_background_color_gradient=\u00bbon\u00bb background_color_gradient_direction=\u00bb90deg\u00bb background_color_gradient_stops=\u00bb#ffffff 0%|rgba(255,255,255,0) 100%\u00bb background_color_gradient_overlays_image=\u00bbon\u00bb background_image=\u00bbhttps:\/\/2miil.com\/wp-content\/uploads\/2024\/08\/2-miil-productos-sanitarios-de-alta-calidad-historia-y-compromiso.webp\u00bb custom_padding=\u00bb0px||0px||true|false\u00bb locked=\u00bboff\u00bb collapsed=\u00bbon\u00bb global_colors_info=\u00bb{}\u00bb][et_pb_row _builder_version=\u00bb4.25.2&#8243; _module_preset=\u00bbdefault\u00bb background_enable_image=\u00bboff\u00bb width=\u00bb100%\u00bb max_width=\u00bbnone\u00bb custom_padding=\u00bb15vw|10%|15vw|10%|true|true\u00bb global_colors_info=\u00bb{}\u00bb][et_pb_column type=\u00bb4_4&#8243; _builder_version=\u00bb4.22.1&#8243; _module_preset=\u00bbdefault\u00bb global_colors_info=\u00bb{}\u00bb][et_pb_text _builder_version=\u00bb4.27.0&#8243; _module_preset=\u00bb6f0219f7-9349-4cb8-8b7b-10bbca8d1a55&#8243; header_font=\u00bb&#8211;et_global_heading_font|700||on|||||\u00bb header_text_color=\u00bb#4371D2&#8243; header_font_size=\u00bb4vw\u00bb width=\u00bb60%\u00bb custom_margin=\u00bb||10px||false|false\u00bb header_font_size_tablet=\u00bb5vw\u00bb header_font_size_phone=\u00bb8vw\u00bb header_font_size_last_edited=\u00bbon|desktop\u00bb global_colors_info=\u00bb{}\u00bb]<\/p>\n<h1>historia y compromiso<\/h1>\n<p>[\/et_pb_text][et_pb_text _builder_version=\u00bb4.27.0&#8243; _module_preset=\u00bbcadf16b1-7f35-4654-8094-8c0c27bcd011&#8243; text_text_color=\u00bb#000000&#8243; text_font_size=\u00bb20px\u00bb text_line_height=\u00bb1.8em\u00bb header_6_font=\u00bb&#8211;et_global_heading_font|700|||||||\u00bb header_6_text_color=\u00bb#666666&#8243; header_6_font_size=\u00bb19px\u00bb width=\u00bb60%\u00bb text_text_color_tablet=\u00bb#000000&#8243; text_text_color_phone=\u00bb#000000&#8243; text_text_color_last_edited=\u00bbon|phone\u00bb text_font_size_tablet=\u00bb20px\u00bb text_font_size_phone=\u00bb16px\u00bb text_font_size_last_edited=\u00bbon|phone\u00bb header_6_font_size_tablet=\u00bb\u00bb header_6_font_size_phone=\u00bb16px\u00bb header_6_font_size_last_edited=\u00bbon|phone\u00bb global_colors_info=\u00bb{}\u00bb]<\/p>\n<p>Conoce nuestra historia, fabricante l\u00edder en Productos Sanitarios Clase I de alta calidad. Descubre nuestro compromiso con la innovaci\u00f3n, la calidad y el medio ambiente.<\/p>\n<p>[\/et_pb_text][\/et_pb_column][\/et_pb_row][\/et_pb_section][et_pb_section fb_built=\u00bb1&#8243; custom_padding_last_edited=\u00bbon|desktop\u00bb _builder_version=\u00bb4.25.2&#8243; _module_preset=\u00bbdefault\u00bb custom_padding=\u00bb||0px||false|false\u00bb custom_padding_tablet=\u00bb||0px||false|false\u00bb custom_padding_phone=\u00bb||0px||false|false\u00bb global_colors_info=\u00bb{}\u00bb][et_pb_row column_structure=\u00bb2_5,3_5&#8243; _builder_version=\u00bb4.20.0&#8243; _module_preset=\u00bbdefault\u00bb global_colors_info=\u00bb{}\u00bb][et_pb_column type=\u00bb2_5&#8243; _builder_version=\u00bb4.20.0&#8243; _module_preset=\u00bbdefault\u00bb global_colors_info=\u00bb{}\u00bb][et_pb_image src=\u00bbhttps:\/\/2miil.com\/wp-content\/uploads\/2024\/08\/2-miil-productos-sanitarios-de-alta-calidad-nuestra-historia.webp\u00bb alt=\u00bb2 miil productos sanitarios de alta calidad nuestra historia\u00bb title_text=\u00bb2 miil productos sanitarios de alta calidad nuestra historia\u00bb _builder_version=\u00bb4.27.0&#8243; _module_preset=\u00bbdefault\u00bb border_radii=\u00bbon|6px|6px|6px|6px\u00bb border_width_all=\u00bb1px\u00bb border_color_all=\u00bb#666666&#8243; global_colors_info=\u00bb{}\u00bb][\/et_pb_image][\/et_pb_column][et_pb_column type=\u00bb3_5&#8243; _builder_version=\u00bb4.20.0&#8243; _module_preset=\u00bbdefault\u00bb global_colors_info=\u00bb{}\u00bb][et_pb_text _builder_version=\u00bb4.25.2&#8243; _module_preset=\u00bb23f521b0-1a31-439b-8d39-08653c7a4d35&#8243; header_2_font=\u00bb&#8211;et_global_heading_font|700||on|||||\u00bb header_2_text_color=\u00bb#666666&#8243; custom_margin=\u00bb||10px||false|false\u00bb header_2_font_size_phone=\u00bb25px\u00bb locked=\u00bboff\u00bb global_colors_info=\u00bb{}\u00bb]<\/p>\n<h2>NUESTRA HISTORIA<\/h2>\n<p>[\/et_pb_text][et_pb_text _builder_version=\u00bb4.27.4&#8243; _module_preset=\u00bb93a5240d-d36b-4542-8e43-35a097bc80ef\u00bb text_font=\u00bb&#8211;et_global_body_font||||||||\u00bb text_text_color=\u00bb#666666&#8243; text_font_size=\u00bb17px\u00bb hover_enabled=\u00bb0&#8243; locked=\u00bboff\u00bb global_colors_info=\u00bb{}\u00bb sticky_enabled=\u00bb0&#8243;]<\/p>\n<p style=\"text-align: justify;\">Somos una empresa familiar con m\u00e1s de 25 a\u00f1os de experiencia dedicada a la fabricaci\u00f3n de Productos Sanitarios Clase I, no est\u00e9riles, de un solo uso y desechables. En 2miil, nuestra misi\u00f3n es seguir apostando por la calidad y la atenci\u00f3n a los detalles en cada producto, con el objetivo de ofrecer una calidad excelente y ser parte del cuidado del paciente durante su estancia hospitalaria y en casa.<\/p>\n<p style=\"text-align: justify;\">Fundada en 1996, nuestra empresa ha desarrollado una tecnolog\u00eda basada en sellar, mediante ultrasonidos, diferentes textiles de alta calidad, lo que nos permite ofrecer un almohadillado \u00fanico y genuino. Este almohadillado garantiza un gran confort y transpirabilidad, adem\u00e1s de una alta eficacia en nuestros productos.<\/p>\n<p>[\/et_pb_text][\/et_pb_column][\/et_pb_row][\/et_pb_section][et_pb_section fb_built=\u00bb1&#8243; admin_label=\u00bbApproach\u00bb _builder_version=\u00bb4.22.1&#8243; _module_preset=\u00bbdefault\u00bb overflow-x=\u00bbhidden\u00bb overflow-y=\u00bbhidden\u00bb locked=\u00bboff\u00bb collapsed=\u00bbon\u00bb global_colors_info=\u00bb{}\u00bb][et_pb_row column_structure=\u00bb1_4,3_4&#8243; custom_padding_last_edited=\u00bbon|tablet\u00bb _builder_version=\u00bb4.25.2&#8243; _module_preset=\u00bbdefault\u00bb custom_padding_tablet=\u00bb||0px||false|false\u00bb custom_padding_phone=\u00bb||0px||false|false\u00bb global_colors_info=\u00bb{}\u00bb][et_pb_column type=\u00bb1_4&#8243; _builder_version=\u00bb4.25.2&#8243; _module_preset=\u00bbdefault\u00bb custom_padding_tablet=\u00bb\u00bb custom_padding_phone=\u00bb\u00bb custom_padding_last_edited=\u00bbon|phone\u00bb global_colors_info=\u00bb{}\u00bb][\/et_pb_column][et_pb_column type=\u00bb3_4&#8243; _builder_version=\u00bb4.25.2&#8243; _module_preset=\u00bbdefault\u00bb global_colors_info=\u00bb{}\u00bb][et_pb_image src=\u00bbhttps:\/\/2miil.com\/wp-content\/uploads\/2024\/06\/2-miil-fabricacion-de-productos-sanitarios-en-inmobilizaciones.webp\u00bb alt=\u00bb2 miil fabricacio\u0301n de productos sanitarios en inmobilizaciones\u00bb title_text=\u00bb2 miil fabricacio\u0301n de productos sanitarios en inmobilizaciones\u00bb _builder_version=\u00bb4.25.2&#8243; _module_preset=\u00bbdefault\u00bb width_tablet=\u00bb\u00bb width_phone=\u00bb\u00bb width_last_edited=\u00bbon|phone\u00bb max_width=\u00bb80%\u00bb custom_margin=\u00bb|-40%|-20%||false|false\u00bb custom_margin_tablet=\u00bb|0%|0%||false|false\u00bb custom_margin_phone=\u00bb|0%|0%||false|false\u00bb custom_margin_last_edited=\u00bbon|tablet\u00bb scroll_horizontal_motion_enable=\u00bbon\u00bb scroll_horizontal_motion=\u00bb0|50|50|100|-0.5|0|0.5&#8243; global_colors_info=\u00bb{}\u00bb][\/et_pb_image][\/et_pb_column][\/et_pb_row][et_pb_row _builder_version=\u00bb4.27.0&#8243; _module_preset=\u00bbdefault\u00bb global_colors_info=\u00bb{}\u00bb][et_pb_column type=\u00bb4_4&#8243; _builder_version=\u00bb4.25.2&#8243; _module_preset=\u00bbdefault\u00bb background_color=\u00bb#6699CC\u00bb custom_padding=\u00bb40px|40px|40px|40px|true|true\u00bb custom_padding_tablet=\u00bb30px|30px|30px|30px|true|true\u00bb custom_padding_phone=\u00bb20px|20px|20px|20px|true|true\u00bb custom_padding_last_edited=\u00bbon|desktop\u00bb global_colors_info=\u00bb{}\u00bb][et_pb_text _builder_version=\u00bb4.25.2&#8243; _module_preset=\u00bb9531331b-5393-43e6-9b45-a1fe558a5281&#8243; header_2_font=\u00bb&#8211;et_global_heading_font|700||on|||||\u00bb header_2_text_color=\u00bb#FFFFFF\u00bb header_2_font_size=\u00bb40px\u00bb custom_margin=\u00bb||10px||false|false\u00bb header_2_font_size_phone=\u00bb25px\u00bb locked=\u00bboff\u00bb global_colors_info=\u00bb{}\u00bb]<\/p>\n<h2>COMPROMISO<\/h2>\n<p>[\/et_pb_text][et_pb_text _builder_version=\u00bb4.27.4&#8243; _module_preset=\u00bb036d7579-2c13-4e6f-a85d-9ef06bae4b16&#8243; text_font=\u00bb&#8211;et_global_body_font||||||||\u00bb text_text_color=\u00bb#FFFFFF\u00bb text_font_size=\u00bb17px\u00bb hover_enabled=\u00bb0&#8243; global_colors_info=\u00bb{}\u00bb sticky_enabled=\u00bb0&#8243;]<\/p>\n<p style=\"text-align: justify;\">En 2miil, nos enorgullece nuestro compromiso con nuestros clientes y pacientes. Colaboramos estrechamente con equipos de enfermer\u00eda para dise\u00f1ar y probar nuestros productos, asegurando as\u00ed resultados satisfactorios para todos.<\/p>\n<p style=\"text-align: justify;\">Transformamos necesidades e ideas en productos nuevos trabajando directamente con los profesionales sanitarios.<\/p>\n<p style=\"text-align: justify;\">En 2miil, estamos profundamente comprometidos con la sostenibilidad y la protecci\u00f3n del medio ambiente. Implementamos pr\u00e1cticas ecol\u00f3gicas en todos nuestros procesos de producci\u00f3n, desde el uso de materiales reciclables hasta la minimizaci\u00f3n de residuos. Creemos en la responsabilidad corporativa y trabajamos constantemente para reducir nuestro impacto ambiental, promoviendo un futuro m\u00e1s limpio y saludable para todos.<\/p>\n<p>[\/et_pb_text][\/et_pb_column][\/et_pb_row][\/et_pb_section][et_pb_section fb_built=\u00bb1&#8243; admin_label=\u00bbServices\u00bb _builder_version=\u00bb4.27.0&#8243; _module_preset=\u00bbdefault\u00bb locked=\u00bboff\u00bb collapsed=\u00bbon\u00bb global_colors_info=\u00bb{}\u00bb][et_pb_row column_structure=\u00bb1_2,1_2&#8243; custom_padding_last_edited=\u00bbon|phone\u00bb _builder_version=\u00bb4.27.0&#8243; _module_preset=\u00bbdefault\u00bb custom_padding_tablet=\u00bb\u00bb custom_padding_phone=\u00bb||0px||false|false\u00bb global_colors_info=\u00bb{}\u00bb][et_pb_column type=\u00bb1_2&#8243; _builder_version=\u00bb4.19.3&#8243; _module_preset=\u00bbdefault\u00bb custom_padding=\u00bb4%||||false|false\u00bb custom_padding_tablet=\u00bb0px||||false|false\u00bb custom_padding_phone=\u00bb0px||||false|false\u00bb custom_padding_last_edited=\u00bbon|tablet\u00bb global_colors_info=\u00bb{}\u00bb][et_pb_text _builder_version=\u00bb4.25.2&#8243; _module_preset=\u00bb23f521b0-1a31-439b-8d39-08653c7a4d35&#8243; header_2_font=\u00bb&#8211;et_global_heading_font|700||on|||||\u00bb header_2_text_color=\u00bb#666666&#8243; custom_margin=\u00bb||10px||false|false\u00bb header_2_font_size_phone=\u00bb25px\u00bb global_colors_info=\u00bb{}\u00bb]<\/p>\n<h2>\u00bfPOR QU\u00c9 2MIIL?<\/h2>\n<p>[\/et_pb_text][et_pb_text _builder_version=\u00bb4.27.4&#8243; _module_preset=\u00bb036d7579-2c13-4e6f-a85d-9ef06bae4b16&#8243; text_font=\u00bb&#8211;et_global_body_font||||||||\u00bb text_text_color=\u00bb#666666&#8243; text_font_size=\u00bb17px\u00bb hover_enabled=\u00bb0&#8243; global_colors_info=\u00bb{}\u00bb sticky_enabled=\u00bb0&#8243;]<\/p>\n<div class=\"et_pb_module et_pb_text et_pb_text_18  et_pb_text_align_left et_pb_bg_layout_light\">\n<div class=\"et_pb_text_inner\">\n<div class=\"et_pb_module et_pb_text et_pb_text_7  et_pb_text_align_left et_pb_bg_layout_light\">\n<div class=\"et_pb_text_inner\">\n<p style=\"text-align: justify;\">En 2miil, nos diferenciamos por nuestro sistema de fabricaci\u00f3n \u00fanico, que abarca diferentes almohadillados, espesores y composiciones entre napa de poli\u00e9ster y fibra de foam. Nuestros productos se adaptan a tallas y medidas especiales, y destacan por su calidad en los acabados y procesos productivos, gracias al gran esfuerzo diario de nuestro equipo.<\/p>\n<p style=\"text-align: justify;\">Adem\u00e1s, ofrecemos un servicio de atenci\u00f3n personalizado y comprometido con nuestros clientes. Nuestro equipo interno se responsabiliza del mantenimiento de la calidad y de garantizar la log\u00edstica a nivel nacional e internacional.<\/p>\n<\/div>\n<\/div>\n<\/div>\n<\/div>\n<p>[\/et_pb_text][\/et_pb_column][et_pb_column type=\u00bb1_2&#8243; _builder_version=\u00bb4.19.3&#8243; _module_preset=\u00bbdefault\u00bb global_colors_info=\u00bb{}\u00bb][et_pb_image src=\u00bbhttps:\/\/2miil.com\/wp-content\/uploads\/2024\/08\/2-miil-productos-sanitarios-de-alta-calidad-porque-elegirnos.webp\u00bb alt=\u00bb2 miil productos sanitarios de alta calidad porque elegirnos\u00bb title_text=\u00bb2 miil productos sanitarios de alta calidad porque elegirnos\u00bb _builder_version=\u00bb4.27.0&#8243; _module_preset=\u00bbdefault\u00bb width=\u00bb69%\u00bb border_radii=\u00bbon|6px|6px|6px|6px\u00bb border_width_all=\u00bb1px\u00bb border_color_all=\u00bb#666666&#8243; global_colors_info=\u00bb{}\u00bb][\/et_pb_image][\/et_pb_column][\/et_pb_row][\/et_pb_section]<\/p>\n","protected":false},"excerpt":{"rendered":"<p>historia y compromisoConoce nuestra historia, fabricante l\u00edder en Productos Sanitarios Clase I de alta calidad. Descubre nuestro compromiso con la innovaci\u00f3n, la calidad y el medio ambiente.NUESTRA HISTORIASomos una empresa familiar con m\u00e1s de 25 a\u00f1os de experiencia dedicada a la fabricaci\u00f3n de Productos Sanitarios Clase I, no est\u00e9riles, de un solo uso y desechables. [&hellip;]<\/p>\n","protected":false},"author":1,"featured_media":0,"parent":0,"menu_order":0,"comment_status":"closed","ping_status":"closed","template":"","meta":{"_seopress_robots_primary_cat":"","_seopress_titles_title":"Historia y Compromiso - 2miil | Innovaci\u00f3n y Compromiso en Productos Sanitarios","_seopress_titles_desc":"Conozca la historia de 2miil, l\u00edder en productos sanitarios de clase 1 de alta calidad. Descubra nuestro compromiso con la innovaci\u00f3n, la calidad y el medio ambiente.","_seopress_robots_index":"","_et_pb_use_builder":"on","_et_pb_old_content":"","_et_gb_content_width":"","footnotes":""},"class_list":["post-42","page","type-page","status-publish"],"_links":{"self":[{"href":"https:\/\/2miil.com\/en\/wp-json\/wp\/v2\/pages\/42","targetHints":{"allow":["GET"]}}],"collection":[{"href":"https:\/\/2miil.com\/en\/wp-json\/wp\/v2\/pages"}],"about":[{"href":"https:\/\/2miil.com\/en\/wp-json\/wp\/v2\/types\/page"}],"author":[{"embeddable":true,"href":"https:\/\/2miil.com\/en\/wp-json\/wp\/v2\/users\/1"}],"replies":[{"embeddable":true,"href":"https:\/\/2miil.com\/en\/wp-json\/wp\/v2\/comments?post=42"}],"version-history":[{"count":0,"href":"https:\/\/2miil.com\/en\/wp-json\/wp\/v2\/pages\/42\/revisions"}],"wp:attachment":[{"href":"https:\/\/2miil.com\/en\/wp-json\/wp\/v2\/media?parent=42"}],"curies":[{"name":"wp","href":"https:\/\/api.w.org\/{rel}","templated":true}]}}