{"id":580,"date":"2024-08-07T15:30:19","date_gmt":"2024-08-07T15:30:19","guid":{"rendered":"https:\/\/2miil.com\/?page_id=580"},"modified":"2026-05-03T15:08:55","modified_gmt":"2026-05-03T15:08:55","slug":"quick-release-wrist-restraints","status":"publish","type":"page","link":"https:\/\/2miil.com\/en\/amplia-gama-de-productos-sanitarios-de-2miil\/munequeras-de-sujecion-de-apertura-rapida\/","title":{"rendered":"Mu\u00f1equeras de Sujeci\u00f3n de apertura r\u00e1pida | Sujeci\u00f3n Ligera de Pacientes por 2mii"},"content":{"rendered":"<div class=\"et_pb_section_0 et_pb_section et_section_regular et_block_section\"><div class=\"et_pb_row_0 et_pb_row et_block_row et_animated\"><div class=\"et_pb_column_0 et_pb_column et_pb_column_4_4 et-last-child et_block_column et_pb_css_mix_blend_mode_passthrough\"><div class=\"et_pb_text_0 et_pb_text et_pb_bg_layout_light et_pb_module et_block_module et_pb_text_align_center\"><div class=\"et_pb_text_inner\"><h1>QUICK RELEASE WRIST STRAPS<\/h1>\n<\/div><\/div><div class=\"et_pb_text_1 et_pb_text et_pb_bg_layout_light et_pb_module et_block_module preset--module--divi-text--249b8ba7-e44f-4542-b0f9-576ae9ec2b8a\"><div class=\"et_pb_text_inner\"><p style=\"text-align: justify;\">These 2miil products are designed to provide lightweight and secure support for patients, facilitating ease of handling and controlled mobility in medical environments. These wristbands feature a quick release system that allows for efficient donning and doffing, ensuring patient comfort while maintaining the necessary security. Made from soft, durable materials, these wristbands are ideal for use in hospitals, clinics and other healthcare environments.<\/p>\n<\/div><\/div><\/div><\/div><\/div><div class=\"et_pb_section_1 et_pb_section et_section_regular et_block_section\"><div class=\"et_pb_row_1 et_pb_row et_pb_equal_columns et_block_row\"><div class=\"et_pb_column_1 et_pb_column et_pb_column_1_2 et_block_column et_pb_css_mix_blend_mode_passthrough\"><div class=\"et_pb_text_2 et_pb_text et_pb_bg_layout_light et_pb_module et_block_module preset--module--divi-text--518b265b-5a1a-407c-bd57-e7a2b58be268\"><div class=\"et_pb_text_inner\"><h3>SU-210+A \/ SU-211 \/ SU-212<\/h3>\n<\/div><\/div><div class=\"et_pb_divider_0 et_pb_divider et_pb_space et_pb_divider_position_top et_pb_module\"><div class=\"et_pb_divider_internal\"><\/div><\/div><div class=\"et_pb_text_3 et_pb_text et_pb_bg_layout_light et_pb_module et_block_module preset--module--divi-text--c6e0ba89-0d7e-4e8c-a749-47fa1f269446\"><div class=\"et_pb_text_inner\"><p style=\"text-align: justify;\">300 g\/m2 resin-free polyester fibre padding 100 %, very soft and comfortable.<br \/>Full-surface cushioning for greater patient comfort.<\/p>\n<\/div><\/div><div class=\"et_pb_gallery_0 et_pb_gallery et_pb_bg_layout_light et_pb_slider et_pb_gallery_fullwidth clearfix et_pb_module\" data-auto-rotate=\"off\" data-auto-rotate-speed=\"\"><div class=\"et_pb_gallery_items et_post_gallery clearfix\" data-per_page=\"4\"><div class=\"et_pb_gallery_item et_pb_gallery_item_0_0\"><div class=\"et_pb_gallery_image landscape\" data-per_page=\"4\"><a href=\"https:\/\/2miil.com\/wp-content\/uploads\/2024\/08\/2miil-munequeras-de-sujecion-de-apertura-rapida-modelo-su210a.webp\" title=\"2miil quick release wrist straps model SU210+A\"><img loading=\"lazy\" decoding=\"async\" width=\"640\" height=\"420\" src=\"https:\/\/2miil.com\/wp-content\/uploads\/2024\/08\/2miil-munequeras-de-sujecion-de-apertura-rapida-modelo-su210a.webp\" alt=\"2miil quick release wrist straps model su210+a\" class=\"wp-image-593\" \/><span class=\"et_overlay\" data-icon=\"\" data-icon-tablet=\"\" data-icon-phone=\"\"><\/span><\/a><\/div><\/div><div class=\"et_pb_gallery_item et_pb_gallery_item_0_1\"><div class=\"et_pb_gallery_image landscape\" data-per_page=\"4\"><a href=\"https:\/\/2miil.com\/wp-content\/uploads\/2024\/08\/2miil-munequeras-de-sujecion-de-apertura-rapida-modelo-su210a_02.webp\" title=\"2miil quick release wrist straps model SU210+A_02\"><img loading=\"lazy\" decoding=\"async\" width=\"640\" height=\"420\" src=\"https:\/\/2miil.com\/wp-content\/uploads\/2024\/08\/2miil-munequeras-de-sujecion-de-apertura-rapida-modelo-su210a_02.webp\" alt=\"2miil quick release wrist straps model su210+a 02\" class=\"wp-image-591\" \/><span class=\"et_overlay\" data-icon=\"\" data-icon-tablet=\"\" data-icon-phone=\"\"><\/span><\/a><\/div><\/div><div class=\"et_pb_gallery_item et_pb_gallery_item_0_2\"><div class=\"et_pb_gallery_image landscape\" data-per_page=\"4\"><a href=\"https:\/\/2miil.com\/wp-content\/uploads\/2024\/08\/2miil-munequeras-de-sujecion-de-apertura-rapida-modelo-su210a_03.webp\" title=\"2miil quick release wrist straps model SU210+A_03\"><img loading=\"lazy\" decoding=\"async\" width=\"640\" height=\"420\" src=\"https:\/\/2miil.com\/wp-content\/uploads\/2024\/08\/2miil-munequeras-de-sujecion-de-apertura-rapida-modelo-su210a_03.webp\" alt=\"2miil quick release wrist straps model su210+a 03\" class=\"wp-image-590\" \/><span class=\"et_overlay\" data-icon=\"\" data-icon-tablet=\"\" data-icon-phone=\"\"><\/span><\/a><\/div><\/div><div class=\"et_pb_gallery_item et_pb_gallery_item_0_3\"><div class=\"et_pb_gallery_image landscape\" data-per_page=\"4\"><a href=\"https:\/\/2miil.com\/wp-content\/uploads\/2024\/08\/2miil-munequeras-de-sujecion-de-apertura-rapida-modelo-su210a_01.webp\" title=\"2miil quick release wrist straps model SU210+A_01\"><img loading=\"lazy\" decoding=\"async\" width=\"640\" height=\"420\" src=\"https:\/\/2miil.com\/wp-content\/uploads\/2024\/08\/2miil-munequeras-de-sujecion-de-apertura-rapida-modelo-su210a_01.webp\" alt=\"2miil quick release wrist straps model su210+a 01\" class=\"wp-image-592\" \/><span class=\"et_overlay\" data-icon=\"\" data-icon-tablet=\"\" data-icon-phone=\"\"><\/span><\/a><\/div><\/div><\/div><\/div><\/div><div class=\"et_pb_column_2 et_pb_column et_pb_column_1_2 et-last-child et_block_column et_pb_css_mix_blend_mode_passthrough\"><div class=\"et_pb_text_4 et_pb_text et_pb_bg_layout_light et_pb_module et_block_module preset--module--divi-text--518b265b-5a1a-407c-bd57-e7a2b58be268\"><div class=\"et_pb_text_inner\"><h3>SU-202F \/ SU-203F \/ SU-204F<\/h3>\n<\/div><\/div><div class=\"et_pb_divider_1 et_pb_divider et_pb_space et_pb_divider_position_top et_pb_module\"><div class=\"et_pb_divider_internal\"><\/div><\/div><div class=\"et_pb_text_5 et_pb_text et_pb_bg_layout_light et_pb_module et_block_module preset--module--divi-text--c6e0ba89-0d7e-4e8c-a749-47fa1f269446\"><div class=\"et_pb_text_inner\"><p style=\"text-align: justify;\">100 % (PU) polyether foam padding in different thicknesses depending on the size, resin-free, very soft and comfortable. Cushioned over the entire surface for greater patient comfort.<\/p>\n<\/div><\/div><div class=\"et_pb_gallery_1 et_pb_gallery et_pb_bg_layout_light et_pb_slider et_pb_gallery_fullwidth clearfix et_pb_module\" data-auto-rotate=\"off\" data-auto-rotate-speed=\"\"><div class=\"et_pb_gallery_items et_post_gallery clearfix\" data-per_page=\"4\"><div class=\"et_pb_gallery_item et_pb_gallery_item_1_0\"><div class=\"et_pb_gallery_image landscape\" data-per_page=\"4\"><a href=\"https:\/\/2miil.com\/wp-content\/uploads\/2024\/08\/2miil-munequeras-de-sujecion-de-apertura-rapida-modelo-su202f.webp\" title=\"2miil quick release wrist straps model SU202F\"><img loading=\"lazy\" decoding=\"async\" width=\"640\" height=\"420\" src=\"https:\/\/2miil.com\/wp-content\/uploads\/2024\/08\/2miil-munequeras-de-sujecion-de-apertura-rapida-modelo-su202f.webp\" alt=\"2miil quick release wrist straps model su202f\" class=\"wp-image-589\" \/><span class=\"et_overlay\" data-icon=\"\" data-icon-tablet=\"\" data-icon-phone=\"\"><\/span><\/a><\/div><\/div><div class=\"et_pb_gallery_item et_pb_gallery_item_1_1\"><div class=\"et_pb_gallery_image landscape\" data-per_page=\"4\"><a href=\"https:\/\/2miil.com\/wp-content\/uploads\/2024\/08\/2miil-munequeras-de-sujecion-de-apertura-rapida-modelo-su202f_01.webp\" title=\"2miil quick release wrist straps model SU202F_01\"><img loading=\"lazy\" decoding=\"async\" width=\"640\" height=\"420\" src=\"https:\/\/2miil.com\/wp-content\/uploads\/2024\/08\/2miil-munequeras-de-sujecion-de-apertura-rapida-modelo-su202f_01.webp\" alt=\"2miil quick release wrist straps model su202f 01\" class=\"wp-image-595\" \/><span class=\"et_overlay\" data-icon=\"\" data-icon-tablet=\"\" data-icon-phone=\"\"><\/span><\/a><\/div><\/div><div class=\"et_pb_gallery_item et_pb_gallery_item_1_2\"><div class=\"et_pb_gallery_image landscape\" data-per_page=\"4\"><a href=\"https:\/\/2miil.com\/wp-content\/uploads\/2024\/08\/2miil-munequeras-de-sujecion-de-apertura-rapida-modelo-su202f_02.webp\" title=\"2miil quick release wrist straps model SU202F_02\"><img loading=\"lazy\" decoding=\"async\" width=\"640\" height=\"420\" src=\"https:\/\/2miil.com\/wp-content\/uploads\/2024\/08\/2miil-munequeras-de-sujecion-de-apertura-rapida-modelo-su202f_02.webp\" alt=\"2miil quick release wrist straps model su202f 02\" class=\"wp-image-594\" \/><span class=\"et_overlay\" data-icon=\"\" data-icon-tablet=\"\" data-icon-phone=\"\"><\/span><\/a><\/div><\/div><\/div><\/div><\/div><\/div><\/div><div class=\"et_pb_section_2 et_pb_section et_section_regular et_block_section\"><div class=\"et_pb_row_2 et_pb_row et_pb_equal_columns et_block_row\"><div class=\"et_pb_column_3 et_pb_column et_pb_column_1_2 et_block_column et_pb_css_mix_blend_mode_passthrough\"><div class=\"et_pb_text_6 et_pb_text et_pb_bg_layout_light et_pb_module et_block_module preset--module--divi-text--518b265b-5a1a-407c-bd57-e7a2b58be268\"><div class=\"et_pb_text_inner\"><h3>Application<\/h3>\n<\/div><\/div><div class=\"et_pb_divider_2 et_pb_divider et_pb_space et_pb_divider_position_top et_pb_module\"><div class=\"et_pb_divider_internal\"><\/div><\/div><div class=\"et_pb_text_7 et_pb_text et_pb_bg_layout_light et_pb_module et_block_module preset--module--divi-text--c6e0ba89-0d7e-4e8c-a749-47fa1f269446\"><div class=\"et_pb_text_inner\"><p style=\"text-align: justify;\">Medical device for restraint\/immobilisation of the patient's limbs, to the bed or wherever a firm and secure hold is required, allowing rapid release of the patient. Suitable for agitated patients and as an aid to prevent unintentional pulling out of catheters, tubes, lines, etc. For wrists and ankles. Different sizes.<\/p>\n<\/div><\/div><div class=\"et_pb_text_8 et_pb_text et_pb_bg_layout_light et_pb_module et_block_module preset--module--divi-text--518b265b-5a1a-407c-bd57-e7a2b58be268\"><div class=\"et_pb_text_inner\"><h3>Usage information<\/h3>\n<\/div><\/div><div class=\"et_pb_divider_3 et_pb_divider et_pb_space et_pb_divider_position_top et_pb_module\"><div class=\"et_pb_divider_internal\"><\/div><\/div><div class=\"et_pb_blurb_0 et_pb_blurb et_pb_bg_layout_light et_pb_blurb_position_left et_pb_module et_block_module preset--module--divi-blurb--070d06a8-5f1a-46b8-8f6b-a12cb3c20d23\"><div class=\"et_pb_blurb_content\"><div class=\"et_pb_main_blurb_image\"><span class=\"et_pb_image_wrap\"><span class=\"et-pb-icon\">\\<\/span><\/span><\/div><div class=\"et_pb_blurb_container\"><div class=\"et_pb_blurb_description\"><p style=\"text-align: justify;\">Wrap the limb with the padded wrist support.<\/p>\n<\/div><\/div><\/div><\/div><div class=\"et_pb_blurb_1 et_pb_blurb et_pb_bg_layout_light et_pb_blurb_position_left et_pb_module et_block_module preset--module--divi-blurb--070d06a8-5f1a-46b8-8f6b-a12cb3c20d23\"><div class=\"et_pb_blurb_content\"><div class=\"et_pb_main_blurb_image\"><span class=\"et_pb_image_wrap\"><span class=\"et-pb-icon\">\\<\/span><\/span><\/div><div class=\"et_pb_blurb_container\"><div class=\"et_pb_blurb_description\"><p>Fasten with Velcro.<\/p>\n<\/div><\/div><\/div><\/div><div class=\"et_pb_blurb_2 et_pb_blurb et_pb_bg_layout_light et_pb_blurb_position_left et_pb_module et_block_module preset--module--divi-blurb--070d06a8-5f1a-46b8-8f6b-a12cb3c20d23\"><div class=\"et_pb_blurb_content\"><div class=\"et_pb_main_blurb_image\"><span class=\"et_pb_image_wrap\"><span class=\"et-pb-icon\">\\<\/span><\/span><\/div><div class=\"et_pb_blurb_container\"><div class=\"et_pb_blurb_description\"><p style=\"text-align: justify;\">Turn the fastening strap over at the wristband and tie a double knot in the ring. Double knotting must be done to prevent the knot from slipping.<\/p>\n<\/div><\/div><\/div><\/div><div class=\"et_pb_blurb_3 et_pb_blurb et_pb_bg_layout_light et_pb_blurb_position_left et_pb_module et_block_module preset--module--divi-blurb--070d06a8-5f1a-46b8-8f6b-a12cb3c20d23\"><div class=\"et_pb_blurb_content\"><div class=\"et_pb_main_blurb_image\"><span class=\"et_pb_image_wrap\"><span class=\"et-pb-icon\">\\<\/span><\/span><\/div><div class=\"et_pb_blurb_container\"><div class=\"et_pb_blurb_description\"><p style=\"text-align: justify;\">Tie the ends of the strap to the bed frame. The tolerance of movement allowed to the limb shall be at the discretion of the healthcare personnel.<\/p>\n<\/div><\/div><\/div><\/div><\/div><div class=\"et_pb_column_4 et_pb_column et_pb_column_1_2 et-last-child et_block_column et_pb_css_mix_blend_mode_passthrough\"><div class=\"et_pb_text_9 et_pb_text et_pb_bg_layout_light et_pb_module et_block_module preset--module--divi-text--35d2a10f-fbd5-41b6-88b2-0bc320a70203\"><div class=\"et_pb_text_inner\"><h3><strong>Fabrics used in cushioning<\/strong><\/h3>\n<\/div><\/div><div class=\"et_pb_divider_4 et_pb_divider et_pb_space et_pb_divider_position_top et_pb_module\"><div class=\"et_pb_divider_internal\"><\/div><\/div><div class=\"et_pb_text_10 et_pb_text et_pb_bg_layout_light et_pb_module et_block_module preset--module--divi-text--6796a260-0e81-4c0b-aba4-644126d4631e\"><div class=\"et_pb_text_inner\"><p style=\"text-align: justify;\">We manufacture with ultrasonic fabric bonding technology, with no adhesives or glues, achieving 100 % breathability.<br \/>With this technology we avoid side seams, which can cause some kind of injury due to friction.<\/p>\n<p style=\"text-align: justify;\">Inner skin contact layer of 45 gr\/m2 polyester. Hypoallergenic.<\/p>\n<p style=\"text-align: justify;\">Outer layer, polyamide 100 %, perfect adhesion to Velcro. Hypoallergenic.<\/p>\n<p style=\"text-align: justify;\">Made of textiles certified according to Oeko-Tex Standard 100.<\/p>\n<p style=\"text-align: justify;\"><em>(<\/em><em>Certification that guarantees that the fabrics are free of substances harmful to health, in addition to a higher quality of the product in terms of health and sustainability).<\/em><\/p>\n<\/div><\/div><div class=\"et_pb_text_11 et_pb_text et_pb_bg_layout_light et_pb_module et_block_module preset--module--divi-text--518b265b-5a1a-407c-bd57-e7a2b58be268\"><div class=\"et_pb_text_inner\"><h3>CHARACTERISTICS OF THE TAPE<\/h3>\n<\/div><\/div><div class=\"et_pb_divider_5 et_pb_divider et_pb_space et_pb_divider_position_top et_pb_module\"><div class=\"et_pb_divider_internal\"><\/div><\/div><div class=\"et_pb_text_12 et_pb_text et_pb_bg_layout_light et_pb_module et_block_module preset--module--divi-text--c6e0ba89-0d7e-4e8c-a749-47fa1f269446\"><div class=\"et_pb_text_inner\"><p style=\"text-align: justify;\">Made with different fabrics sealed together by ultrasound, creating a micro-padding for comfort, adaptability and resistance. Soft and non-irritating to the skin.<\/p>\n<\/div><\/div><\/div><\/div><\/div><div class=\"et_pb_section_3 et_pb_section et_section_regular et_block_section\"><div class=\"et_pb_row_3 et_pb_row et_pb_equal_columns et_block_row\"><div class=\"et_pb_column_5 et_pb_column et_pb_column_1_2 et_block_column et_pb_css_mix_blend_mode_passthrough\"><div class=\"et_pb_text_13 et_pb_text et_pb_bg_layout_light et_pb_module et_block_module preset--module--divi-text--518b265b-5a1a-407c-bd57-e7a2b58be268\"><div class=\"et_pb_text_inner\"><h3>Warnings and Recommendations<\/h3>\n<\/div><\/div><div class=\"et_pb_blurb_4 et_pb_blurb et_pb_bg_layout_light et_pb_blurb_position_left et_pb_module et_block_module preset--module--divi-blurb--070d06a8-5f1a-46b8-8f6b-a12cb3c20d23\"><div class=\"et_pb_blurb_content\"><div class=\"et_pb_main_blurb_image\"><span class=\"et_pb_image_wrap\"><span class=\"et-pb-icon\">\uf7f5<\/span><\/span><\/div><div class=\"et_pb_blurb_container\"><div class=\"et_pb_blurb_description\"><p style=\"text-align: justify;\">Using the product on a single patient could lead to cross-infection.<\/p>\n<\/div><\/div><\/div><\/div><div class=\"et_pb_blurb_5 et_pb_blurb et_pb_bg_layout_light et_pb_blurb_position_left et_pb_module et_block_module preset--module--divi-blurb--070d06a8-5f1a-46b8-8f6b-a12cb3c20d23\"><div class=\"et_pb_blurb_content\"><div class=\"et_pb_main_blurb_image\"><span class=\"et_pb_image_wrap\"><span class=\"et-pb-icon\">\uf7f5<\/span><\/span><\/div><div class=\"et_pb_blurb_container\"><div class=\"et_pb_blurb_description\"><p style=\"text-align: justify;\">Do not use the product on open wounds or injured skin.<\/p>\n<\/div><\/div><\/div><\/div><div class=\"et_pb_blurb_6 et_pb_blurb et_pb_bg_layout_light et_pb_blurb_position_left et_pb_module et_block_module preset--module--divi-blurb--070d06a8-5f1a-46b8-8f6b-a12cb3c20d23\"><div class=\"et_pb_blurb_content\"><div class=\"et_pb_main_blurb_image\"><span class=\"et_pb_image_wrap\"><span class=\"et-pb-icon\">\uf7f5<\/span><\/span><\/div><div class=\"et_pb_blurb_container\"><div class=\"et_pb_blurb_description\"><p style=\"text-align: justify;\">Do not use the product if it is damaged, dirty or contaminated.<\/p>\n<\/div><\/div><\/div><\/div><\/div><div class=\"et_pb_column_6 et_pb_column et_pb_column_1_2 et-last-child et_block_column et_pb_css_mix_blend_mode_passthrough\"><div class=\"et_pb_blurb_7 et_pb_blurb et_pb_bg_layout_light et_pb_blurb_position_left et_pb_module et_block_module preset--module--divi-blurb--faab6ca1-9f62-4775-9c10-b09993095acb\"><div class=\"et_pb_blurb_content\"><div class=\"et_pb_blurb_container\"><h4 class=\"et_pb_module_header\">Storage and shelf life:<\/h4><div class=\"et_pb_blurb_description\"><ul>\n<li style=\"text-align: justify;\">Store in a cool, dry place.<\/li>\n<li style=\"text-align: justify;\">Avoid exposure to direct sunlight.<\/li>\n<li style=\"text-align: justify;\">The shelf life is determined by the type and amount of use of the product in the same patient.<\/li>\n<li style=\"text-align: justify;\">Single use per patient.<\/li>\n<li style=\"text-align: justify;\">Shelf life: 5 years from date of manufacture.<\/li>\n<\/ul>\n<\/div><\/div><\/div><\/div><\/div><\/div><div class=\"et_pb_row_4 et_pb_row et_pb_row_4col et_pb_equal_columns et_pb_gutters2 et_block_row et_block_row_4col\"><div class=\"et_pb_column_7 et_pb_column et_pb_column_1_4 et_block_column et_pb_css_mix_blend_mode_passthrough\"><div class=\"et_pb_text_14 et_pb_text et_pb_bg_layout_light et_pb_module et_block_module preset--module--divi-text--518b265b-5a1a-407c-bd57-e7a2b58be268\"><div class=\"et_pb_text_inner\"><h3>LOGISTICS<\/h3>\n<\/div><\/div><div class=\"et_pb_module et_pb_button_module_wrapper et_pb_button_0_wrapper preset--module--divi-button--3f75187f-2e24-4b15-a16a-f38559f3eb48_wrapper\"><a class=\"et_pb_button_0 et_pb_button et_pb_bg_layout_light et_pb_module et_block_module preset--module--divi-button--3f75187f-2e24-4b15-a16a-f38559f3eb48\" href=\"https:\/\/2miil.com\/en\/contact-us-2miil\/\">TALK TO AN EXPERT<\/a><\/div><div class=\"et_pb_image_0 et_pb_image et_pb_module et_block_module\"><span class=\"et_pb_image_wrap\"><img loading=\"lazy\" decoding=\"async\" src=\"https:\/\/2miil.com\/wp-content\/uploads\/2024\/08\/2-miil-productos-sanitarios-de-alta-calidad-simbolos.webp\" width=\"1600\" height=\"385\" class=\"wp-image-483\" title=\"2,000 high quality sanitary products symbols\" alt=\"2,000 high quality sanitary products symbols\" \/><\/span><\/div><\/div><div class=\"et_pb_column_8 et_pb_column et_pb_column_1_4 et_block_column et_pb_css_mix_blend_mode_passthrough\"><div class=\"et_pb_text_15 et_pb_text et_pb_bg_layout_light et_pb_module et_block_module preset--module--divi-text--95a66c21-a2c8-42a5-aee7-51485b861c44\"><div class=\"et_pb_text_inner\"><h5>SU-210+A \/ SU-202F<\/h5>\n<\/div><\/div><div class=\"et_pb_divider_6 et_pb_divider et_pb_space et_pb_divider_position_top et_pb_module\"><div class=\"et_pb_divider_internal\"><\/div><\/div><div class=\"et_pb_text_16 et_pb_text et_pb_bg_layout_light et_pb_module et_block_module preset--module--divi-text--f6b5b713-ebb8-4e48-9910-73ee0bcf16db\"><div class=\"et_pb_text_inner\"><p><strong>SIZE: <\/strong>ADULT<\/p>\n<p><strong>ALMOHADILLADO: <\/strong>28 x 8 CM<strong><br \/><\/strong><\/p>\n<p><strong>TAPE: <\/strong>180 x 4 CM*.<strong><br \/><\/strong><\/p>\n<p><strong>UDS\/BOX: <\/strong>100<\/p>\n<p><strong>GTIN: <\/strong><br \/><em>SU-210+A<\/em>: 8435194402088<br \/><em>SU-202F<\/em>: 8435194402712<\/p>\n<p>(*) Tolerance: +\/- 1 cm<\/p>\n<\/div><\/div><\/div><div class=\"et_pb_column_9 et_pb_column et_pb_column_1_4 et_block_column et_pb_css_mix_blend_mode_passthrough\"><div class=\"et_pb_text_17 et_pb_text et_pb_bg_layout_light et_pb_module et_block_module preset--module--divi-text--95a66c21-a2c8-42a5-aee7-51485b861c44\"><div class=\"et_pb_text_inner\"><h5>SU-212 \/ SU-204F<\/h5>\n<\/div><\/div><div class=\"et_pb_divider_7 et_pb_divider et_pb_space et_pb_divider_position_top et_pb_module\"><div class=\"et_pb_divider_internal\"><\/div><\/div><div class=\"et_pb_text_18 et_pb_text et_pb_bg_layout_light et_pb_module et_block_module preset--module--divi-text--f6b5b713-ebb8-4e48-9910-73ee0bcf16db\"><div class=\"et_pb_text_inner\"><p><strong>SIZE: <\/strong>PEDIATRIC<\/p>\n<p><strong>ALMOHADILLADO: <\/strong>18 x 7 CM<strong><br \/><\/strong><\/p>\n<p><strong>TAPE: <\/strong>130 x 2 CM* 130 x 2 CM* 130 x 2 CM* 130 x 2 CM* 130 x 2 CM* 130 x 2 CM<strong><br \/><\/strong><\/p>\n<p><strong>UDS\/BOX: <\/strong>40<\/p>\n<p><strong>GTIN: <\/strong><br \/><em>SU-212<\/em>: 8435194402125<br \/><em>SU-204F<\/em>: 8435194402811<\/p>\n<p>(*) Tolerance: +\/- 1 cm<\/p>\n<\/div><\/div><\/div><div class=\"et_pb_column_10 et_pb_column et_pb_column_1_4 et-last-child et_block_column et_pb_css_mix_blend_mode_passthrough\"><div class=\"et_pb_text_19 et_pb_text et_pb_bg_layout_light et_pb_module et_block_module preset--module--divi-text--95a66c21-a2c8-42a5-aee7-51485b861c44\"><div class=\"et_pb_text_inner\"><h5>SU-211 \/ SU-203F<\/h5>\n<\/div><\/div><div class=\"et_pb_divider_8 et_pb_divider et_pb_space et_pb_divider_position_top et_pb_module\"><div class=\"et_pb_divider_internal\"><\/div><\/div><div class=\"et_pb_text_20 et_pb_text et_pb_bg_layout_light et_pb_module et_block_module preset--module--divi-text--f6b5b713-ebb8-4e48-9910-73ee0bcf16db\"><div class=\"et_pb_text_inner\"><p><strong>SIZE: <\/strong>NEONATAL<\/p>\n<p><strong>ALMOHADILLADO: <\/strong>14 x 4 CM<strong><br \/><\/strong><\/p>\n<p><strong>TAPE: <\/strong>130 x 2 CM* 130 x 2 CM* 130 x 2 CM* 130 x 2 CM* 130 x 2 CM* 130 x 2 CM<strong><br \/><\/strong><\/p>\n<p><strong>UDS\/BOX: <\/strong>60<\/p>\n<p><strong>GTIN: <\/strong><br \/><em>SU-211<\/em>: 8435194402101<br \/><em>SU-203F<\/em>: 8435194402798<\/p>\n<p>(*) Tolerance: +\/- 1 cm<\/p>\n<\/div><\/div><\/div><\/div><\/div>","protected":false},"excerpt":{"rendered":"","protected":false},"author":1,"featured_media":0,"parent":55,"menu_order":0,"comment_status":"closed","ping_status":"closed","template":"","meta":{"_seopress_robots_primary_cat":"","_seopress_titles_title":"Mu\u00f1equeras de Sujeci\u00f3n de Apertura R\u00e1pida | Sujeci\u00f3n Ligera de Pacientes por 2miil","_seopress_titles_desc":"Descubre las mu\u00f1equeras de sujeci\u00f3n de apertura r\u00e1pida de 2miil, dise\u00f1adas para ofrecer una sujeci\u00f3n ligera y segura para pacientes. Fabricadas con materiales duraderos y suaves para m\u00e1xima comodidad y seguridad.","_seopress_robots_index":"","footnotes":""},"class_list":["post-580","page","type-page","status-publish"],"_links":{"self":[{"href":"https:\/\/2miil.com\/en\/wp-json\/wp\/v2\/pages\/580","targetHints":{"allow":["GET"]}}],"collection":[{"href":"https:\/\/2miil.com\/en\/wp-json\/wp\/v2\/pages"}],"about":[{"href":"https:\/\/2miil.com\/en\/wp-json\/wp\/v2\/types\/page"}],"author":[{"embeddable":true,"href":"https:\/\/2miil.com\/en\/wp-json\/wp\/v2\/users\/1"}],"replies":[{"embeddable":true,"href":"https:\/\/2miil.com\/en\/wp-json\/wp\/v2\/comments?post=580"}],"version-history":[{"count":1,"href":"https:\/\/2miil.com\/en\/wp-json\/wp\/v2\/pages\/580\/revisions"}],"predecessor-version":[{"id":1906,"href":"https:\/\/2miil.com\/en\/wp-json\/wp\/v2\/pages\/580\/revisions\/1906"}],"up":[{"embeddable":true,"href":"https:\/\/2miil.com\/en\/wp-json\/wp\/v2\/pages\/55"}],"wp:attachment":[{"href":"https:\/\/2miil.com\/en\/wp-json\/wp\/v2\/media?parent=580"}],"curies":[{"name":"wp","href":"https:\/\/api.w.org\/{rel}","templated":true}]}}