{"id":599,"date":"2024-08-07T15:59:28","date_gmt":"2024-08-07T15:59:28","guid":{"rendered":"https:\/\/2miil.com\/?page_id=599"},"modified":"2026-05-03T15:10:55","modified_gmt":"2026-05-03T15:10:55","slug":"trunk-restraint-belts-light-patient-restraint-2mii","status":"publish","type":"page","link":"https:\/\/2miil.com\/en\/amplia-gama-de-productos-sanitarios-de-2miil\/cinturones-de-sujecion-de-tronco-sujecion-ligera-de-pacientes-2mii\/","title":{"rendered":"Cinturones de Sujeci\u00f3n de Tronco | Sujeci\u00f3n Ligera de Pacientes por 2mii"},"content":{"rendered":"<div class=\"et_pb_section_0 et_pb_section et_section_regular et_block_section\"><div class=\"et_pb_row_0 et_pb_row et_block_row et_animated\"><div class=\"et_pb_column_0 et_pb_column et_pb_column_4_4 et-last-child et_block_column et_pb_css_mix_blend_mode_passthrough\"><div class=\"et_pb_text_0 et_pb_text et_pb_bg_layout_light et_pb_module et_block_module et_pb_text_align_center\"><div class=\"et_pb_text_inner\"><h1>TRUNK SUPPORT BELTS<\/h1>\n<\/div><\/div><div class=\"et_pb_text_1 et_pb_text et_pb_bg_layout_light et_pb_module et_block_module preset--module--divi-text--249b8ba7-e44f-4542-b0f9-576ae9ec2b8a\"><div class=\"et_pb_text_inner\"><p style=\"text-align: justify;\">These 2miil products are designed to provide lightweight, comfortable support for patients' trunks, facilitating controlled mobility and reducing the risk of injury. These belts are ideal for use in hospitals, clinics and other healthcare settings, offering a lightweight yet effective support solution. Made of durable and soft materials, trunk support belts guarantee patient comfort while ensuring a reliable and easy-to-adjust fit.<\/p>\n<\/div><\/div><\/div><\/div><\/div><div class=\"et_pb_section_1 et_pb_section et_section_regular et_block_section\"><div class=\"et_pb_row_1 et_pb_row et_pb_equal_columns et_block_row\"><div class=\"et_pb_column_1 et_pb_column et_pb_column_1_2 et_block_column et_pb_css_mix_blend_mode_passthrough\"><div class=\"et_pb_text_2 et_pb_text et_pb_bg_layout_light et_pb_module et_block_module preset--module--divi-text--518b265b-5a1a-407c-bd57-e7a2b58be268\"><div class=\"et_pb_text_inner\"><h3>SU-220 \/ SU-222<\/h3>\n<\/div><\/div><div class=\"et_pb_divider_0 et_pb_divider et_pb_space et_pb_divider_position_top et_pb_module\"><div class=\"et_pb_divider_internal\"><\/div><\/div><div class=\"et_pb_text_3 et_pb_text et_pb_bg_layout_light et_pb_module et_block_module preset--module--divi-text--c6e0ba89-0d7e-4e8c-a749-47fa1f269446\"><div class=\"et_pb_text_inner\"><p style=\"text-align: justify;\">300 g\/m2 resin-free polyester fibre padding 100 %, very soft and comfortable.<\/p>\n<\/div><\/div><div class=\"et_pb_gallery_0 et_pb_gallery et_pb_bg_layout_light et_pb_slider et_pb_gallery_fullwidth clearfix et_pb_module\" data-auto-rotate=\"off\" data-auto-rotate-speed=\"\"><div class=\"et_pb_gallery_items et_post_gallery clearfix\" data-per_page=\"4\"><div class=\"et_pb_gallery_item et_pb_gallery_item_0_0\"><div class=\"et_pb_gallery_image landscape\" data-per_page=\"4\"><a href=\"https:\/\/2miil.com\/wp-content\/uploads\/2024\/08\/2miil-cinturones-de-sujecion-de-tronco-modelo-su22x_02.webp\" title=\"2miil trunk support belts model SU22X_02\"><img loading=\"lazy\" decoding=\"async\" width=\"640\" height=\"420\" src=\"https:\/\/2miil.com\/wp-content\/uploads\/2024\/08\/2miil-cinturones-de-sujecion-de-tronco-modelo-su22x_02.webp\" alt=\"2miil trunk support belts model su22x 02\" class=\"wp-image-615\" \/><span class=\"et_overlay\" data-icon=\"\" data-icon-tablet=\"\" data-icon-phone=\"\"><\/span><\/a><\/div><\/div><div class=\"et_pb_gallery_item et_pb_gallery_item_0_1\"><div class=\"et_pb_gallery_image landscape\" data-per_page=\"4\"><a href=\"https:\/\/2miil.com\/wp-content\/uploads\/2024\/08\/2miil-cinturones-de-sujecion-de-tronco-modelo-su22x_04.webp\" title=\"2miil trunk support belts model SU22X_04\"><img loading=\"lazy\" decoding=\"async\" width=\"640\" height=\"420\" src=\"https:\/\/2miil.com\/wp-content\/uploads\/2024\/08\/2miil-cinturones-de-sujecion-de-tronco-modelo-su22x_04.webp\" alt=\"2miil trunk support belts model su22x 04\" class=\"wp-image-613\" \/><span class=\"et_overlay\" data-icon=\"\" data-icon-tablet=\"\" data-icon-phone=\"\"><\/span><\/a><\/div><\/div><div class=\"et_pb_gallery_item et_pb_gallery_item_0_2\"><div class=\"et_pb_gallery_image landscape\" data-per_page=\"4\"><a href=\"https:\/\/2miil.com\/wp-content\/uploads\/2024\/08\/2miil-cinturones-de-sujecion-de-tronco-modelo-su22x_03.webp\" title=\"2miil trunk support belts model SU22X_03\"><img loading=\"lazy\" decoding=\"async\" width=\"640\" height=\"420\" src=\"https:\/\/2miil.com\/wp-content\/uploads\/2024\/08\/2miil-cinturones-de-sujecion-de-tronco-modelo-su22x_03.webp\" alt=\"2miil trunk support belts model su22x 03\" class=\"wp-image-614\" \/><span class=\"et_overlay\" data-icon=\"\" data-icon-tablet=\"\" data-icon-phone=\"\"><\/span><\/a><\/div><\/div><\/div><\/div><\/div><div class=\"et_pb_column_2 et_pb_column et_pb_column_1_2 et-last-child et_block_column et_pb_css_mix_blend_mode_passthrough\"><div class=\"et_pb_text_4 et_pb_text et_pb_bg_layout_light et_pb_module et_block_module preset--module--divi-text--518b265b-5a1a-407c-bd57-e7a2b58be268\"><div class=\"et_pb_text_inner\"><h3>SU-220F \/ SU-222F<\/h3>\n<\/div><\/div><div class=\"et_pb_divider_1 et_pb_divider et_pb_space et_pb_divider_position_top et_pb_module\"><div class=\"et_pb_divider_internal\"><\/div><\/div><div class=\"et_pb_text_5 et_pb_text et_pb_bg_layout_light et_pb_module et_block_module preset--module--divi-text--c6e0ba89-0d7e-4e8c-a749-47fa1f269446\"><div class=\"et_pb_text_inner\"><p style=\"text-align: justify;\">10 mm thick polyether foam padding 100 % (PU), resin-free, very soft and comfortable.<\/p>\n<\/div><\/div><div class=\"et_pb_gallery_1 et_pb_gallery et_pb_bg_layout_light et_pb_slider et_pb_gallery_fullwidth clearfix et_pb_module\" data-auto-rotate=\"off\" data-auto-rotate-speed=\"\"><div class=\"et_pb_gallery_items et_post_gallery clearfix\" data-per_page=\"4\"><div class=\"et_pb_gallery_item et_pb_gallery_item_1_0\"><div class=\"et_pb_gallery_image landscape\" data-per_page=\"4\"><a href=\"https:\/\/2miil.com\/wp-content\/uploads\/2024\/08\/2miil-cinturones-de-sujecion-de-tronco-modelo-su22x_01.webp\" title=\"2miil trunk support belts model SU22X_01\"><img loading=\"lazy\" decoding=\"async\" width=\"640\" height=\"420\" src=\"https:\/\/2miil.com\/wp-content\/uploads\/2024\/08\/2miil-cinturones-de-sujecion-de-tronco-modelo-su22x_01.webp\" alt=\"2miil trunk support belts model su22x 01\" class=\"wp-image-616\" \/><span class=\"et_overlay\" data-icon=\"\" data-icon-tablet=\"\" data-icon-phone=\"\"><\/span><\/a><\/div><\/div><div class=\"et_pb_gallery_item et_pb_gallery_item_1_1\"><div class=\"et_pb_gallery_image landscape\" data-per_page=\"4\"><a href=\"https:\/\/2miil.com\/wp-content\/uploads\/2024\/08\/2miil-cinturones-de-sujecion-de-tronco-modelo-su22x.webp\" title=\"2miil trunk support belts model SU22X\"><img loading=\"lazy\" decoding=\"async\" width=\"640\" height=\"420\" src=\"https:\/\/2miil.com\/wp-content\/uploads\/2024\/08\/2miil-cinturones-de-sujecion-de-tronco-modelo-su22x.webp\" alt=\"2miil trunk restraint belts model su22x\" class=\"wp-image-617\" \/><span class=\"et_overlay\" data-icon=\"\" data-icon-tablet=\"\" data-icon-phone=\"\"><\/span><\/a><\/div><\/div><\/div><\/div><\/div><\/div><\/div><div class=\"et_pb_section_2 et_pb_section et_section_regular et_block_section\"><div class=\"et_pb_row_2 et_pb_row et_pb_equal_columns et_block_row\"><div class=\"et_pb_column_3 et_pb_column et_pb_column_1_2 et_block_column et_pb_css_mix_blend_mode_passthrough\"><div class=\"et_pb_text_6 et_pb_text et_pb_bg_layout_light et_pb_module et_block_module preset--module--divi-text--518b265b-5a1a-407c-bd57-e7a2b58be268\"><div class=\"et_pb_text_inner\"><h3>Application<\/h3>\n<\/div><\/div><div class=\"et_pb_divider_2 et_pb_divider et_pb_space et_pb_divider_position_top et_pb_module\"><div class=\"et_pb_divider_internal\"><\/div><\/div><div class=\"et_pb_text_7 et_pb_text et_pb_bg_layout_light et_pb_module et_block_module preset--module--divi-text--c6e0ba89-0d7e-4e8c-a749-47fa1f269446\"><div class=\"et_pb_text_inner\"><p style=\"text-align: justify;\">Medical device designed to hold patients to the bed or chair, allowing a minimum of mobility, the one tolerated by the health professional. It can be placed directly on the patient's skin, does not irritate or generate heat sensation. Hypoallergenic product.<\/p>\n<\/div><\/div><div class=\"et_pb_text_8 et_pb_text et_pb_bg_layout_light et_pb_module et_block_module preset--module--divi-text--518b265b-5a1a-407c-bd57-e7a2b58be268\"><div class=\"et_pb_text_inner\"><h3>Usage information<\/h3>\n<\/div><\/div><div class=\"et_pb_divider_3 et_pb_divider et_pb_space et_pb_divider_position_top et_pb_module\"><div class=\"et_pb_divider_internal\"><\/div><\/div><div class=\"et_pb_blurb_0 et_pb_blurb et_pb_bg_layout_light et_pb_blurb_position_left et_pb_module et_block_module preset--module--divi-blurb--070d06a8-5f1a-46b8-8f6b-a12cb3c20d23\"><div class=\"et_pb_blurb_content\"><div class=\"et_pb_main_blurb_image\"><span class=\"et_pb_image_wrap\"><span class=\"et-pb-icon\">\\<\/span><\/span><\/div><div class=\"et_pb_blurb_container\"><div class=\"et_pb_blurb_description\"><p style=\"text-align: justify;\">Place on the abdomen, fasten with the Velcro at the back and cross the two straps at the back.<\/p>\n<\/div><\/div><\/div><\/div><div class=\"et_pb_blurb_1 et_pb_blurb et_pb_bg_layout_light et_pb_blurb_position_left et_pb_module et_block_module preset--module--divi-blurb--070d06a8-5f1a-46b8-8f6b-a12cb3c20d23\"><div class=\"et_pb_blurb_content\"><div class=\"et_pb_main_blurb_image\"><span class=\"et_pb_image_wrap\"><span class=\"et-pb-icon\">\\<\/span><\/span><\/div><div class=\"et_pb_blurb_container\"><div class=\"et_pb_blurb_description\"><p style=\"text-align: justify;\">Knot to the rings with a double twist (the slip knot is avoided and the ring is the object that supports the pressure).<\/p>\n<\/div><\/div><\/div><\/div><div class=\"et_pb_blurb_2 et_pb_blurb et_pb_bg_layout_light et_pb_blurb_position_left et_pb_module et_block_module preset--module--divi-blurb--070d06a8-5f1a-46b8-8f6b-a12cb3c20d23\"><div class=\"et_pb_blurb_content\"><div class=\"et_pb_main_blurb_image\"><span class=\"et_pb_image_wrap\"><span class=\"et-pb-icon\">\\<\/span><\/span><\/div><div class=\"et_pb_blurb_container\"><div class=\"et_pb_blurb_description\"><p style=\"text-align: justify;\">If the patient is placed lying down, it is recommended that the straps are re-crossed at the back, so that the patient is restrained, but can move around in bed, allowing a sense of freedom without the distress endured by restrained patients.<\/p>\n<\/div><\/div><\/div><\/div><\/div><div class=\"et_pb_column_4 et_pb_column et_pb_column_1_2 et-last-child et_block_column et_pb_css_mix_blend_mode_passthrough\"><div class=\"et_pb_text_9 et_pb_text et_pb_bg_layout_light et_pb_module et_block_module preset--module--divi-text--35d2a10f-fbd5-41b6-88b2-0bc320a70203\"><div class=\"et_pb_text_inner\"><h3><strong>Fabrics used in cushioning<\/strong><\/h3>\n<\/div><\/div><div class=\"et_pb_divider_4 et_pb_divider et_pb_space et_pb_divider_position_top et_pb_module\"><div class=\"et_pb_divider_internal\"><\/div><\/div><div class=\"et_pb_text_10 et_pb_text et_pb_bg_layout_light et_pb_module et_block_module preset--module--divi-text--6796a260-0e81-4c0b-aba4-644126d4631e\"><div class=\"et_pb_text_inner\"><p style=\"text-align: justify;\">We manufacture with ultrasonic fabric bonding technology, with no adhesives or glues, achieving 100 % breathability.<br \/>With this technology we avoid side seams, which can cause some kind of injury due to friction.<\/p>\n<p style=\"text-align: justify;\">Inner skin contact layer of 45 gr\/m2 polyester. Hypoallergenic.<\/p>\n<p style=\"text-align: justify;\">Outer layer, polyamide 100 %, perfect adhesion to Velcro. Hypoallergenic.<\/p>\n<p style=\"text-align: justify;\">Made of textiles certified according to Oeko-Tex Standard 100.<\/p>\n<p style=\"text-align: justify;\"><em>(<\/em><em>Certification that guarantees that the fabrics are free of substances harmful to health, in addition to a higher quality of the product in terms of health and sustainability).<\/em><\/p>\n<\/div><\/div><div class=\"et_pb_text_11 et_pb_text et_pb_bg_layout_light et_pb_module et_block_module preset--module--divi-text--518b265b-5a1a-407c-bd57-e7a2b58be268\"><div class=\"et_pb_text_inner\"><h3>CHARACTERISTICS OF THE TAPES\/RINGS<\/h3>\n<\/div><\/div><div class=\"et_pb_divider_5 et_pb_divider et_pb_space et_pb_divider_position_top et_pb_module\"><div class=\"et_pb_divider_internal\"><\/div><\/div><div class=\"et_pb_text_12 et_pb_text et_pb_bg_layout_light et_pb_module et_block_module preset--module--divi-text--c6e0ba89-0d7e-4e8c-a749-47fa1f269446\"><div class=\"et_pb_text_inner\"><p style=\"text-align: justify;\">Both the two straps and the two rings have a tensile strength of over 200 kg. PVC rings to avoid metal allergies. Highly resistant and soft webbing.<\/p>\n<\/div><\/div><\/div><\/div><\/div><div class=\"et_pb_section_3 et_pb_section et_section_regular et_block_section\"><div class=\"et_pb_row_3 et_pb_row et_pb_equal_columns et_block_row\"><div class=\"et_pb_column_5 et_pb_column et_pb_column_1_2 et_block_column et_pb_css_mix_blend_mode_passthrough\"><div class=\"et_pb_text_13 et_pb_text et_pb_bg_layout_light et_pb_module et_block_module preset--module--divi-text--518b265b-5a1a-407c-bd57-e7a2b58be268\"><div class=\"et_pb_text_inner\"><h3>Warnings and Recommendations<\/h3>\n<\/div><\/div><div class=\"et_pb_blurb_3 et_pb_blurb et_pb_bg_layout_light et_pb_blurb_position_left et_pb_module et_block_module preset--module--divi-blurb--070d06a8-5f1a-46b8-8f6b-a12cb3c20d23\"><div class=\"et_pb_blurb_content\"><div class=\"et_pb_main_blurb_image\"><span class=\"et_pb_image_wrap\"><span class=\"et-pb-icon\">\uf7f5<\/span><\/span><\/div><div class=\"et_pb_blurb_container\"><div class=\"et_pb_blurb_description\"><p style=\"text-align: justify;\">Using the product on a single patient could lead to cross-infection.<\/p>\n<\/div><\/div><\/div><\/div><div class=\"et_pb_blurb_4 et_pb_blurb et_pb_bg_layout_light et_pb_blurb_position_left et_pb_module et_block_module preset--module--divi-blurb--070d06a8-5f1a-46b8-8f6b-a12cb3c20d23\"><div class=\"et_pb_blurb_content\"><div class=\"et_pb_main_blurb_image\"><span class=\"et_pb_image_wrap\"><span class=\"et-pb-icon\">\uf7f5<\/span><\/span><\/div><div class=\"et_pb_blurb_container\"><div class=\"et_pb_blurb_description\"><p style=\"text-align: justify;\">Do not use the product on open wounds or injured skin.<\/p>\n<\/div><\/div><\/div><\/div><div class=\"et_pb_blurb_5 et_pb_blurb et_pb_bg_layout_light et_pb_blurb_position_left et_pb_module et_block_module preset--module--divi-blurb--070d06a8-5f1a-46b8-8f6b-a12cb3c20d23\"><div class=\"et_pb_blurb_content\"><div class=\"et_pb_main_blurb_image\"><span class=\"et_pb_image_wrap\"><span class=\"et-pb-icon\">\uf7f5<\/span><\/span><\/div><div class=\"et_pb_blurb_container\"><div class=\"et_pb_blurb_description\"><p style=\"text-align: justify;\">Do not use the product if it is damaged, dirty or contaminated.<\/p>\n<\/div><\/div><\/div><\/div><\/div><div class=\"et_pb_column_6 et_pb_column et_pb_column_1_2 et-last-child et_block_column et_pb_css_mix_blend_mode_passthrough\"><div class=\"et_pb_blurb_6 et_pb_blurb et_pb_bg_layout_light et_pb_blurb_position_left et_pb_module et_block_module preset--module--divi-blurb--faab6ca1-9f62-4775-9c10-b09993095acb\"><div class=\"et_pb_blurb_content\"><div class=\"et_pb_blurb_container\"><h4 class=\"et_pb_module_header\">Storage and shelf life:<\/h4><div class=\"et_pb_blurb_description\"><ul>\n<li style=\"text-align: justify;\">Store in a cool, dry place.<\/li>\n<li style=\"text-align: justify;\">Avoid exposure to direct sunlight.<\/li>\n<li style=\"text-align: justify;\">The shelf life is determined by the type and amount of use of the product in the same patient.<\/li>\n<li style=\"text-align: justify;\">Single use per patient.<\/li>\n<li style=\"text-align: justify;\">Shelf life: 5 years from date of manufacture.<\/li>\n<\/ul>\n<\/div><\/div><\/div><\/div><\/div><\/div><div class=\"et_pb_row_4 et_pb_row et_pb_equal_columns et_pb_gutters2 et_block_row\"><div class=\"et_pb_column_7 et_pb_column et_pb_column_1_3 et_block_column et_pb_css_mix_blend_mode_passthrough\"><div class=\"et_pb_text_14 et_pb_text et_pb_bg_layout_light et_pb_module et_block_module preset--module--divi-text--518b265b-5a1a-407c-bd57-e7a2b58be268\"><div class=\"et_pb_text_inner\"><h3>LOGISTICS<\/h3>\n<\/div><\/div><div class=\"et_pb_module et_pb_button_module_wrapper et_pb_button_0_wrapper preset--module--divi-button--3f75187f-2e24-4b15-a16a-f38559f3eb48_wrapper\"><a class=\"et_pb_button_0 et_pb_button et_pb_bg_layout_light et_pb_module et_block_module preset--module--divi-button--3f75187f-2e24-4b15-a16a-f38559f3eb48\" href=\"https:\/\/2miil.com\/en\/contact-us-2miil\/\">TALK TO AN EXPERT<\/a><\/div><div class=\"et_pb_image_0 et_pb_image et_pb_module et_block_module\"><span class=\"et_pb_image_wrap\"><img loading=\"lazy\" decoding=\"async\" src=\"https:\/\/2miil.com\/wp-content\/uploads\/2024\/08\/2-miil-productos-sanitarios-de-alta-calidad-simbolos.webp\" width=\"1600\" height=\"385\" class=\"wp-image-483\" title=\"2,000 high quality sanitary products symbols\" alt=\"2,000 high quality sanitary products symbols\" \/><\/span><\/div><\/div><div class=\"et_pb_column_8 et_pb_column et_pb_column_1_3 et_block_column et_pb_css_mix_blend_mode_passthrough\"><div class=\"et_pb_text_15 et_pb_text et_pb_bg_layout_light et_pb_module et_block_module preset--module--divi-text--95a66c21-a2c8-42a5-aee7-51485b861c44\"><div class=\"et_pb_text_inner\"><h5>SU-220 \/ SU-222<\/h5>\n<\/div><\/div><div class=\"et_pb_divider_6 et_pb_divider et_pb_space et_pb_divider_position_top et_pb_module\"><div class=\"et_pb_divider_internal\"><\/div><\/div><div class=\"et_pb_text_16 et_pb_text et_pb_bg_layout_light et_pb_module et_block_module preset--module--divi-text--f6b5b713-ebb8-4e48-9910-73ee0bcf16db\"><div class=\"et_pb_text_inner\"><p><strong>ALMOHADILLADO: <\/strong><br \/><em>SU-220<\/em>: 84 x 16 CM* : 84 x 16 CM* : 84 x 16 CM* : 84 x 16 CM* : 84 x 16 CM<br \/><em>SU-222<\/em>: 112 x 16 CM* : 112 x 16 CM* : 112 x 16 CM* : 112 x 16 CM* : 112 x 16 CM<\/p>\n<p><strong>UDS\/BOX: <\/strong>15<\/p>\n<p><strong>GTIN: <\/strong><br \/><em>SU-220<\/em>: 8435194402149<br \/><em>SU-222<\/em>: 8435194402163<\/p>\n<p>(*) Tolerance: +\/- 1 cm<\/p>\n<\/div><\/div><\/div><div class=\"et_pb_column_9 et_pb_column et_pb_column_1_3 et-last-child et_block_column et_pb_css_mix_blend_mode_passthrough\"><div class=\"et_pb_text_17 et_pb_text et_pb_bg_layout_light et_pb_module et_block_module preset--module--divi-text--95a66c21-a2c8-42a5-aee7-51485b861c44\"><div class=\"et_pb_text_inner\"><h5>SU-220F \/ SU-222F<\/h5>\n<\/div><\/div><div class=\"et_pb_divider_7 et_pb_divider et_pb_space et_pb_divider_position_top et_pb_module\"><div class=\"et_pb_divider_internal\"><\/div><\/div><div class=\"et_pb_text_18 et_pb_text et_pb_bg_layout_light et_pb_module et_block_module preset--module--divi-text--f6b5b713-ebb8-4e48-9910-73ee0bcf16db\"><div class=\"et_pb_text_inner\"><p><strong>ALMOHADILLADO: <\/strong><br \/><em>SU-220F<\/em>: 84 x 16 CM* : 84 x 16 CM* : 84 x 16 CM* : 84 x 16 CM* : 84 x 16 CM<br \/><em>SU-222F<\/em>: 112 x 16 CM* : 112 x 16 CM* : 112 x 16 CM* : 112 x 16 CM* : 112 x 16 CM<\/p>\n<p><strong>UDS\/BOX: <\/strong>15<\/p>\n<p><strong>GTIN: <\/strong><br \/><em>SU-220F<\/em>: 8435194402224<br \/><em>SU-222F<\/em>: 8435194402613<\/p>\n<p>(*) Tolerance: +\/- 1 cm<\/p>\n<\/div><\/div><\/div><\/div><\/div>","protected":false},"excerpt":{"rendered":"","protected":false},"author":1,"featured_media":0,"parent":55,"menu_order":0,"comment_status":"closed","ping_status":"closed","template":"","meta":{"_seopress_robots_primary_cat":"","_seopress_titles_title":"Cinturones de Sujeci\u00f3n de Tronco | Sujeci\u00f3n Ligera y Segura de Pacientes por 2miil","_seopress_titles_desc":"Descubre los cinturones de sujeci\u00f3n de tronco de 2miil, dise\u00f1ados para ofrecer sujeci\u00f3n ligera y segura para pacientes. Fabricados con materiales suaves y duraderos para m\u00e1xima comodidad y seguridad en entornos m\u00e9dicos.","_seopress_robots_index":"","footnotes":""},"class_list":["post-599","page","type-page","status-publish"],"_links":{"self":[{"href":"https:\/\/2miil.com\/en\/wp-json\/wp\/v2\/pages\/599","targetHints":{"allow":["GET"]}}],"collection":[{"href":"https:\/\/2miil.com\/en\/wp-json\/wp\/v2\/pages"}],"about":[{"href":"https:\/\/2miil.com\/en\/wp-json\/wp\/v2\/types\/page"}],"author":[{"embeddable":true,"href":"https:\/\/2miil.com\/en\/wp-json\/wp\/v2\/users\/1"}],"replies":[{"embeddable":true,"href":"https:\/\/2miil.com\/en\/wp-json\/wp\/v2\/comments?post=599"}],"version-history":[{"count":1,"href":"https:\/\/2miil.com\/en\/wp-json\/wp\/v2\/pages\/599\/revisions"}],"predecessor-version":[{"id":1907,"href":"https:\/\/2miil.com\/en\/wp-json\/wp\/v2\/pages\/599\/revisions\/1907"}],"up":[{"embeddable":true,"href":"https:\/\/2miil.com\/en\/wp-json\/wp\/v2\/pages\/55"}],"wp:attachment":[{"href":"https:\/\/2miil.com\/en\/wp-json\/wp\/v2\/media?parent=599"}],"curies":[{"name":"wp","href":"https:\/\/api.w.org\/{rel}","templated":true}]}}