{"id":699,"date":"2024-08-12T16:38:27","date_gmt":"2024-08-12T16:38:27","guid":{"rendered":"https:\/\/2miil.com\/?page_id=699"},"modified":"2026-05-03T15:11:03","modified_gmt":"2026-05-03T15:11:03","slug":"standard-padded-shoulder-arm-immobiliser-standard-shoulder-immobilisers-and-slings-2miil","status":"publish","type":"page","link":"https:\/\/2miil.com\/en\/amplia-gama-de-productos-sanitarios-de-2miil\/inmovilizador-de-brazo-hombro-acolchado-estandar-inmovilizadores-y-cabestrillos-de-2miil\/","title":{"rendered":"Inmovilizador de Brazo-Hombro Acolchado Est\u00e1ndar | Inmovilizadores y Cabestrillos de 2miil"},"content":{"rendered":"<div class=\"et_pb_section_0 et_pb_section et_section_regular et_block_section\"><div class=\"et_pb_row_0 et_pb_row et_block_row et_animated\"><div class=\"et_pb_column_0 et_pb_column et_pb_column_4_4 et-last-child et_block_column et_pb_css_mix_blend_mode_passthrough\"><div class=\"et_pb_text_0 et_pb_text et_pb_bg_layout_light et_pb_module et_block_module et_pb_text_align_center\"><div class=\"et_pb_text_inner\"><h1>STANDARD PADDED ARM-SHOULDER IMMOBILIZER<\/h1>\n<\/div><\/div><div class=\"et_pb_text_1 et_pb_text et_pb_bg_layout_light et_pb_module et_block_module preset--module--divi-text--249b8ba7-e44f-4542-b0f9-576ae9ec2b8a\"><div class=\"et_pb_text_inner\"><p style=\"text-align: justify;\">The 2miil standard padded arm-shoulder immobiliser is designed to provide secure and comfortable support of the arm and shoulder, ideal for patients recovering from injury or surgery. This immobiliser features additional padding that ensures superior comfort, allowing effective immobilisation without compromising patient comfort. Made of durable, high quality materials, this product is a reliable solution for upper limb stabilisation in clinical and rehabilitation settings.<\/p>\n<\/div><\/div><\/div><\/div><\/div><div class=\"et_pb_section_1 et_pb_section et_section_regular et_block_section\"><div class=\"et_pb_row_1 et_pb_row et_pb_equal_columns et_block_row\"><div class=\"et_pb_column_1 et_pb_column et_pb_column_1_2 et_block_column et_pb_css_mix_blend_mode_passthrough\"><div class=\"et_pb_text_2 et_pb_text et_pb_bg_layout_light et_pb_module et_block_module preset--module--divi-text--518b265b-5a1a-407c-bd57-e7a2b58be268\"><div class=\"et_pb_text_inner\"><h3>FI-530<\/h3>\n<\/div><\/div><div class=\"et_pb_divider_0 et_pb_divider et_pb_space et_pb_divider_position_top et_pb_module\"><div class=\"et_pb_divider_internal\"><\/div><\/div><div class=\"et_pb_gallery_0 et_pb_gallery et_pb_bg_layout_light et_pb_slider et_pb_gallery_fullwidth clearfix et_pb_module\" data-auto-rotate=\"off\" data-auto-rotate-speed=\"\"><div class=\"et_pb_gallery_items et_post_gallery clearfix\" data-per_page=\"4\"><div class=\"et_pb_gallery_item et_pb_gallery_item_0_0\"><div class=\"et_pb_gallery_image landscape\" data-per_page=\"4\"><a href=\"https:\/\/2miil.com\/wp-content\/uploads\/2024\/08\/2miil-cabestrillos-inmovilizador-de-brazo-hombro-acolchado-estandar-modelo-fi-530_01.webp\" title=\"2miil Slings Standard padded arm-shoulder immobiliser model FI-530_01\"><img loading=\"lazy\" decoding=\"async\" width=\"640\" height=\"426\" src=\"https:\/\/2miil.com\/wp-content\/uploads\/2024\/08\/2miil-cabestrillos-inmovilizador-de-brazo-hombro-acolchado-estandar-modelo-fi-530_01.webp\" alt=\"2miil arm immobiliser arm sling standard padded shoulder immobiliser model fi 530 01\" class=\"wp-image-707\" \/><span class=\"et_overlay\" data-icon=\"\" data-icon-tablet=\"\" data-icon-phone=\"\"><\/span><\/a><\/div><\/div><div class=\"et_pb_gallery_item et_pb_gallery_item_0_1\"><div class=\"et_pb_gallery_image landscape\" data-per_page=\"4\"><a href=\"https:\/\/2miil.com\/wp-content\/uploads\/2024\/08\/2miil-cabestrillos-inmovilizador-de-brazo-hombro-acolchado-estandar-modelo-fi-530.webp\" title=\"2miil Sling Standard padded arm-shoulder immobiliser model FI-530\"><img loading=\"lazy\" decoding=\"async\" width=\"640\" height=\"426\" src=\"https:\/\/2miil.com\/wp-content\/uploads\/2024\/08\/2miil-cabestrillos-inmovilizador-de-brazo-hombro-acolchado-estandar-modelo-fi-530.webp\" alt=\"2miil shoulder immobiliser arm sling standard padded shoulder immobiliser model fi 530\" class=\"wp-image-708\" \/><span class=\"et_overlay\" data-icon=\"\" data-icon-tablet=\"\" data-icon-phone=\"\"><\/span><\/a><\/div><\/div><div class=\"et_pb_gallery_item et_pb_gallery_item_0_2\"><div class=\"et_pb_gallery_image landscape\" data-per_page=\"4\"><a href=\"https:\/\/2miil.com\/wp-content\/uploads\/2024\/08\/2miil-cabestrillos-inmovilizador-de-brazo-hombro-acolchado-estandar-modelo-fi-530_02.webp\" title=\"2miil Slings Standard padded arm-shoulder immobiliser model FI-530_02\"><img loading=\"lazy\" decoding=\"async\" width=\"640\" height=\"426\" src=\"https:\/\/2miil.com\/wp-content\/uploads\/2024\/08\/2miil-cabestrillos-inmovilizador-de-brazo-hombro-acolchado-estandar-modelo-fi-530_02.webp\" alt=\"2miil arm immobiliser arm sling standard padded shoulder immobiliser model fi 530 02\" class=\"wp-image-706\" \/><span class=\"et_overlay\" data-icon=\"\" data-icon-tablet=\"\" data-icon-phone=\"\"><\/span><\/a><\/div><\/div><\/div><\/div><\/div><div class=\"et_pb_column_2 et_pb_column et_pb_column_1_2 et-last-child et_block_column et_pb_css_mix_blend_mode_passthrough\"><div class=\"et_pb_text_3 et_pb_text et_pb_bg_layout_light et_pb_module et_block_module preset--module--divi-text--518b265b-5a1a-407c-bd57-e7a2b58be268\"><div class=\"et_pb_text_inner\"><h3>Application<\/h3>\n<\/div><\/div><div class=\"et_pb_divider_1 et_pb_divider et_pb_space et_pb_divider_position_top et_pb_module\"><div class=\"et_pb_divider_internal\"><\/div><\/div><div class=\"et_pb_text_4 et_pb_text et_pb_bg_layout_light et_pb_module et_block_module preset--module--divi-text--c6e0ba89-0d7e-4e8c-a749-47fa1f269446\"><div class=\"et_pb_text_inner\"><p style=\"text-align: justify;\">An alternative to taping, the purpose of which is to keep the shoulder immobile by securing the arm and forearm to the body in order to restore function in the context of treatment of a shoulder injury.<br \/>We provide a thumb support to facilitate patient comfort.<br \/>Likewise, due to its design it is a bilateral product as the ring where the abdominal strap fits is sewn in such a way that it can be used ambidextrously.<\/p>\n<p style=\"text-align: justify;\">Not for application to open wounds.<\/p>\n<\/div><\/div><\/div><\/div><\/div><div class=\"et_pb_section_2 et_pb_section et_section_regular et_block_section\"><div class=\"et_pb_row_2 et_pb_row et_pb_equal_columns et_block_row\"><div class=\"et_pb_column_3 et_pb_column et_pb_column_1_2 et_block_column et_pb_css_mix_blend_mode_passthrough\"><div class=\"et_pb_text_5 et_pb_text et_pb_bg_layout_light et_pb_module et_block_module preset--module--divi-text--518b265b-5a1a-407c-bd57-e7a2b58be268\"><div class=\"et_pb_text_inner\"><h3>Usage information<\/h3>\n<\/div><\/div><div class=\"et_pb_divider_2 et_pb_divider et_pb_space et_pb_divider_position_top et_pb_module\"><div class=\"et_pb_divider_internal\"><\/div><\/div><div class=\"et_pb_blurb_0 et_pb_blurb et_pb_bg_layout_light et_pb_blurb_position_left et_pb_module et_block_module preset--module--divi-blurb--070d06a8-5f1a-46b8-8f6b-a12cb3c20d23\"><div class=\"et_pb_blurb_content\"><div class=\"et_pb_main_blurb_image\"><span class=\"et_pb_image_wrap\"><span class=\"et-pb-icon\">\\<\/span><\/span><\/div><div class=\"et_pb_blurb_container\"><div class=\"et_pb_blurb_description\"><p>Bag the arm inside the bag.<\/p>\n<\/div><\/div><\/div><\/div><div class=\"et_pb_blurb_1 et_pb_blurb et_pb_bg_layout_light et_pb_blurb_position_left et_pb_module et_block_module preset--module--divi-blurb--070d06a8-5f1a-46b8-8f6b-a12cb3c20d23\"><div class=\"et_pb_blurb_content\"><div class=\"et_pb_main_blurb_image\"><span class=\"et_pb_image_wrap\"><span class=\"et-pb-icon\">\\<\/span><\/span><\/div><div class=\"et_pb_blurb_container\"><div class=\"et_pb_blurb_description\"><p style=\"text-align: justify;\">Cross the strap across the back over the shoulder, pull it through the ring and tighten.<\/p>\n<\/div><\/div><\/div><\/div><div class=\"et_pb_blurb_2 et_pb_blurb et_pb_bg_layout_light et_pb_blurb_position_left et_pb_module et_block_module preset--module--divi-blurb--070d06a8-5f1a-46b8-8f6b-a12cb3c20d23\"><div class=\"et_pb_blurb_content\"><div class=\"et_pb_main_blurb_image\"><span class=\"et_pb_image_wrap\"><span class=\"et-pb-icon\">\\<\/span><\/span><\/div><div class=\"et_pb_blurb_container\"><div class=\"et_pb_blurb_description\"><p>Attach one end of the tape to the lower ring.<\/p>\n<\/div><\/div><\/div><\/div><div class=\"et_pb_blurb_3 et_pb_blurb et_pb_bg_layout_light et_pb_blurb_position_left et_pb_module et_block_module preset--module--divi-blurb--070d06a8-5f1a-46b8-8f6b-a12cb3c20d23\"><div class=\"et_pb_blurb_content\"><div class=\"et_pb_main_blurb_image\"><span class=\"et_pb_image_wrap\"><span class=\"et-pb-icon\">\\<\/span><\/span><\/div><div class=\"et_pb_blurb_container\"><div class=\"et_pb_blurb_description\"><p style=\"text-align: justify;\">Cross the strap horizontally across the back, thread the strap through the loop and tighten.<\/p>\n<\/div><\/div><\/div><\/div><div class=\"et_pb_text_6 et_pb_text et_pb_bg_layout_light et_pb_module et_block_module preset--module--divi-text--c6e0ba89-0d7e-4e8c-a749-47fa1f269446\"><div class=\"et_pb_text_inner\"><p style=\"text-align: justify;\">The product is extraordinarily simple and effective, and can be put on and taken off by the patient himself to clean himself.<\/p>\n<\/div><\/div><div class=\"et_pb_text_7 et_pb_text et_pb_bg_layout_light et_pb_module et_block_module preset--module--divi-text--518b265b-5a1a-407c-bd57-e7a2b58be268\"><div class=\"et_pb_text_inner\"><h3>SLING BAG FEATURES<\/h3>\n<\/div><\/div><div class=\"et_pb_divider_3 et_pb_divider et_pb_space et_pb_divider_position_top et_pb_module\"><div class=\"et_pb_divider_internal\"><\/div><\/div><div class=\"et_pb_text_8 et_pb_text et_pb_bg_layout_light et_pb_module et_block_module preset--module--divi-text--c6e0ba89-0d7e-4e8c-a749-47fa1f269446\"><div class=\"et_pb_text_inner\"><p style=\"text-align: justify;\">Polyester padded bag 100 %. Comfortable and breathable 100 %.<\/p>\n<p style=\"text-align: justify;\">PVC rings to avoid metal allergies.<\/p>\n<\/div><\/div><\/div><div class=\"et_pb_column_4 et_pb_column et_pb_column_1_2 et-last-child et_block_column et_pb_css_mix_blend_mode_passthrough\"><div class=\"et_pb_text_9 et_pb_text et_pb_bg_layout_light et_pb_module et_block_module preset--module--divi-text--518b265b-5a1a-407c-bd57-e7a2b58be268\"><div class=\"et_pb_text_inner\"><h3>CHARACTERISTICS OF THE TAPES<\/h3>\n<\/div><\/div><div class=\"et_pb_divider_4 et_pb_divider et_pb_space et_pb_divider_position_top et_pb_module\"><div class=\"et_pb_divider_internal\"><\/div><\/div><div class=\"et_pb_text_10 et_pb_text et_pb_bg_layout_light et_pb_module et_block_module preset--module--divi-text--6796a260-0e81-4c0b-aba4-644126d4631e\"><div class=\"et_pb_text_inner\"><p style=\"text-align: justify;\">Made with different fabrics sealed together by ultrasound, creating a micro-padding for comfort, adaptability and resistance. Soft and non-irritating to the skin.<br \/>We provide an adaptable foam piece for the clavicular area that offers greater comfort to the patient.<\/p>\n<p style=\"text-align: justify;\">Made of textiles certified according to Oeko-Tex Standard 100.<\/p>\n<p style=\"text-align: justify;\"><em>(Certification that guarantees that the fabrics are free of substances harmful to health, in addition to a higher quality of the product in terms of health and sustainability).<\/em><\/p>\n<\/div><\/div><\/div><\/div><\/div><div class=\"et_pb_section_3 et_pb_section et_section_regular et_block_section\"><div class=\"et_pb_row_3 et_pb_row et_pb_equal_columns et_block_row\"><div class=\"et_pb_column_5 et_pb_column et_pb_column_1_2 et_block_column et_pb_css_mix_blend_mode_passthrough\"><div class=\"et_pb_text_11 et_pb_text et_pb_bg_layout_light et_pb_module et_block_module preset--module--divi-text--518b265b-5a1a-407c-bd57-e7a2b58be268\"><div class=\"et_pb_text_inner\"><h3>Warnings and Recommendations<\/h3>\n<\/div><\/div><div class=\"et_pb_blurb_4 et_pb_blurb et_pb_bg_layout_light et_pb_blurb_position_left et_pb_module et_block_module preset--module--divi-blurb--070d06a8-5f1a-46b8-8f6b-a12cb3c20d23\"><div class=\"et_pb_blurb_content\"><div class=\"et_pb_main_blurb_image\"><span class=\"et_pb_image_wrap\"><span class=\"et-pb-icon\">\uf7f5<\/span><\/span><\/div><div class=\"et_pb_blurb_container\"><div class=\"et_pb_blurb_description\"><p style=\"text-align: justify;\">Using the product on a single patient could lead to cross-infection.<\/p>\n<\/div><\/div><\/div><\/div><div class=\"et_pb_blurb_5 et_pb_blurb et_pb_bg_layout_light et_pb_blurb_position_left et_pb_module et_block_module preset--module--divi-blurb--070d06a8-5f1a-46b8-8f6b-a12cb3c20d23\"><div class=\"et_pb_blurb_content\"><div class=\"et_pb_main_blurb_image\"><span class=\"et_pb_image_wrap\"><span class=\"et-pb-icon\">\uf7f5<\/span><\/span><\/div><div class=\"et_pb_blurb_container\"><div class=\"et_pb_blurb_description\"><p style=\"text-align: justify;\">Do not use the product on open wounds or injured skin.<\/p>\n<\/div><\/div><\/div><\/div><div class=\"et_pb_blurb_6 et_pb_blurb et_pb_bg_layout_light et_pb_blurb_position_left et_pb_module et_block_module preset--module--divi-blurb--070d06a8-5f1a-46b8-8f6b-a12cb3c20d23\"><div class=\"et_pb_blurb_content\"><div class=\"et_pb_main_blurb_image\"><span class=\"et_pb_image_wrap\"><span class=\"et-pb-icon\">\uf7f5<\/span><\/span><\/div><div class=\"et_pb_blurb_container\"><div class=\"et_pb_blurb_description\"><p style=\"text-align: justify;\">Do not use the product if it is damaged, dirty or contaminated.<\/p>\n<\/div><\/div><\/div><\/div><\/div><div class=\"et_pb_column_6 et_pb_column et_pb_column_1_2 et-last-child et_block_column et_pb_css_mix_blend_mode_passthrough\"><div class=\"et_pb_blurb_7 et_pb_blurb et_pb_bg_layout_light et_pb_blurb_position_left et_pb_module et_block_module preset--module--divi-blurb--faab6ca1-9f62-4775-9c10-b09993095acb\"><div class=\"et_pb_blurb_content\"><div class=\"et_pb_blurb_container\"><h4 class=\"et_pb_module_header\">Storage and shelf life:<\/h4><div class=\"et_pb_blurb_description\"><ul>\n<li style=\"text-align: justify;\">Store in a cool, dry place.<\/li>\n<li style=\"text-align: justify;\">Avoid exposure to direct sunlight.<\/li>\n<li style=\"text-align: justify;\">The shelf life is determined by the type and amount of use of the product in the same patient.<\/li>\n<li style=\"text-align: justify;\">Single use per patient.<\/li>\n<li style=\"text-align: justify;\">Shelf life: 5 years from date of manufacture.<\/li>\n<\/ul>\n<\/div><\/div><\/div><\/div><\/div><\/div><div class=\"et_pb_row_4 et_pb_row et_pb_equal_columns et_pb_gutters2 et_block_row\"><div class=\"et_pb_column_7 et_pb_column et_pb_column_1_3 et_block_column et_pb_css_mix_blend_mode_passthrough\"><div class=\"et_pb_text_12 et_pb_text et_pb_bg_layout_light et_pb_module et_block_module preset--module--divi-text--518b265b-5a1a-407c-bd57-e7a2b58be268\"><div class=\"et_pb_text_inner\"><h3>LOGISTICS<\/h3>\n<\/div><\/div><div class=\"et_pb_module et_pb_button_module_wrapper et_pb_button_0_wrapper preset--module--divi-button--3f75187f-2e24-4b15-a16a-f38559f3eb48_wrapper\"><a class=\"et_pb_button_0 et_pb_button et_pb_bg_layout_light et_pb_module et_block_module preset--module--divi-button--3f75187f-2e24-4b15-a16a-f38559f3eb48\" href=\"https:\/\/2miil.com\/en\/contact-us-2miil\/\">TALK TO AN EXPERT<\/a><\/div><div class=\"et_pb_image_0 et_pb_image et_pb_module et_block_module\"><span class=\"et_pb_image_wrap\"><img loading=\"lazy\" decoding=\"async\" src=\"https:\/\/2miil.com\/wp-content\/uploads\/2024\/08\/2-miil-productos-sanitarios-de-alta-calidad-simbolos.webp\" width=\"1600\" height=\"385\" class=\"wp-image-483\" title=\"2,000 high quality sanitary products symbols\" alt=\"2,000 high quality sanitary products symbols\" \/><\/span><\/div><\/div><div class=\"et_pb_column_8 et_pb_column et_pb_column_1_3 et_block_column et_pb_css_mix_blend_mode_passthrough\"><div class=\"et_pb_text_13 et_pb_text et_pb_bg_layout_light et_pb_module et_block_module preset--module--divi-text--95a66c21-a2c8-42a5-aee7-51485b861c44\"><div class=\"et_pb_text_inner\"><h5>FI-530 EG<\/h5>\n<\/div><\/div><div class=\"et_pb_divider_5 et_pb_divider et_pb_space et_pb_divider_position_top et_pb_module\"><div class=\"et_pb_divider_internal\"><\/div><\/div><div class=\"et_pb_text_14 et_pb_text et_pb_bg_layout_light et_pb_module et_block_module preset--module--divi-text--f6b5b713-ebb8-4e48-9910-73ee0bcf16db\"><div class=\"et_pb_text_inner\"><p><strong>BAG MEASUREMENTS: <\/strong>52 x 14 CM<strong><br \/><\/strong><\/p>\n<p><strong>UDS\/BOX: <\/strong>20<\/p>\n<p><strong>GTIN: <\/strong>8435194403733<strong><br \/><\/strong><\/p>\n<p>(*) Tolerance: +\/- 2 cm<\/p>\n<\/div><\/div><div class=\"et_pb_text_15 et_pb_text et_pb_bg_layout_light et_pb_module et_block_module preset--module--divi-text--95a66c21-a2c8-42a5-aee7-51485b861c44\"><div class=\"et_pb_text_inner\"><h5>FI-530 G<\/h5>\n<\/div><\/div><div class=\"et_pb_divider_6 et_pb_divider et_pb_space et_pb_divider_position_top et_pb_module\"><div class=\"et_pb_divider_internal\"><\/div><\/div><div class=\"et_pb_text_16 et_pb_text et_pb_bg_layout_light et_pb_module et_block_module preset--module--divi-text--f6b5b713-ebb8-4e48-9910-73ee0bcf16db\"><div class=\"et_pb_text_inner\"><p><strong>BAG MEASUREMENTS: <\/strong>47 x 14 CM<strong><br \/><\/strong><\/p>\n<p><strong>UDS\/BOX: <\/strong>20<\/p>\n<p><strong>GTIN: <\/strong>8435194403719<strong><br \/><\/strong><\/p>\n<p>(*) Tolerance: +\/- 2 cm<\/p>\n<\/div><\/div><\/div><div class=\"et_pb_column_9 et_pb_column et_pb_column_1_3 et-last-child et_block_column et_pb_css_mix_blend_mode_passthrough\"><div class=\"et_pb_text_17 et_pb_text et_pb_bg_layout_light et_pb_module et_block_module preset--module--divi-text--95a66c21-a2c8-42a5-aee7-51485b861c44\"><div class=\"et_pb_text_inner\"><h5>FI-530 M<\/h5>\n<\/div><\/div><div class=\"et_pb_divider_7 et_pb_divider et_pb_space et_pb_divider_position_top et_pb_module\"><div class=\"et_pb_divider_internal\"><\/div><\/div><div class=\"et_pb_text_18 et_pb_text et_pb_bg_layout_light et_pb_module et_block_module preset--module--divi-text--f6b5b713-ebb8-4e48-9910-73ee0bcf16db\"><div class=\"et_pb_text_inner\"><p><strong>BAG MEASUREMENTS: <\/strong>40 x 14 CM<strong><br \/><\/strong><\/p>\n<p><strong>UDS\/BOX: <\/strong>20<\/p>\n<p><strong>GTIN: <\/strong>8435194403696<strong><br \/><\/strong><\/p>\n<p>(*) Tolerance: +\/- 2 cm<\/p>\n<\/div><\/div><div class=\"et_pb_text_19 et_pb_text et_pb_bg_layout_light et_pb_module et_block_module preset--module--divi-text--95a66c21-a2c8-42a5-aee7-51485b861c44\"><div class=\"et_pb_text_inner\"><h5>FI-530 P<\/h5>\n<\/div><\/div><div class=\"et_pb_divider_8 et_pb_divider et_pb_space et_pb_divider_position_top et_pb_module\"><div class=\"et_pb_divider_internal\"><\/div><\/div><div class=\"et_pb_text_20 et_pb_text et_pb_bg_layout_light et_pb_module et_block_module preset--module--divi-text--f6b5b713-ebb8-4e48-9910-73ee0bcf16db\"><div class=\"et_pb_text_inner\"><p><strong>BAG MEASUREMENTS: <\/strong>35 x 14 CM* 35 x 14 CM* 35 x 14 CM* 35 x 14 CM* 35 x 14 CM* 35 x 14 CM<strong><br \/><\/strong><\/p>\n<p><strong>UDS\/BOX: <\/strong>20<\/p>\n<p><strong>GTIN: <\/strong>8435194403672<strong><br \/><\/strong><\/p>\n<p>(*) Tolerance: +\/- 2 cm<\/p>\n<\/div><\/div><div class=\"et_pb_text_21 et_pb_text et_pb_bg_layout_light et_pb_module et_block_module preset--module--divi-text--95a66c21-a2c8-42a5-aee7-51485b861c44\"><div class=\"et_pb_text_inner\"><h5>FI-530 EP<\/h5>\n<\/div><\/div><div class=\"et_pb_divider_9 et_pb_divider et_pb_space et_pb_divider_position_top et_pb_module\"><div class=\"et_pb_divider_internal\"><\/div><\/div><div class=\"et_pb_text_22 et_pb_text et_pb_bg_layout_light et_pb_module et_block_module preset--module--divi-text--f6b5b713-ebb8-4e48-9910-73ee0bcf16db\"><div class=\"et_pb_text_inner\"><p><strong>BAG MEASUREMENTS: <\/strong>25 x 12 CM<strong><br \/><\/strong><\/p>\n<p><strong>UDS\/BOX: <\/strong>20<\/p>\n<p><strong>GTIN: <\/strong>8435194403979<strong><br \/><\/strong><\/p>\n<p>(*) Tolerance: +\/- 2 cm<\/p>\n<\/div><\/div><\/div><\/div><\/div>","protected":false},"excerpt":{"rendered":"","protected":false},"author":1,"featured_media":0,"parent":55,"menu_order":0,"comment_status":"closed","ping_status":"closed","template":"","meta":{"_seopress_robots_primary_cat":"","_seopress_titles_title":"Inmovilizador de Brazo-Hombro Acolchado Est\u00e1ndar | M\u00e1ximo Confort y Estabilizaci\u00f3n por 2miil","_seopress_titles_desc":"Descubra el inmovilizador de brazo-hombro acolchado est\u00e1ndar de 2miil, dise\u00f1ado para ofrecer una inmovilizaci\u00f3n segura y confortable. Ideal para la recuperaci\u00f3n postoperatoria o tras lesiones, con acolchado adicional para un confort superior.","_seopress_robots_index":"","footnotes":""},"class_list":["post-699","page","type-page","status-publish"],"_links":{"self":[{"href":"https:\/\/2miil.com\/en\/wp-json\/wp\/v2\/pages\/699","targetHints":{"allow":["GET"]}}],"collection":[{"href":"https:\/\/2miil.com\/en\/wp-json\/wp\/v2\/pages"}],"about":[{"href":"https:\/\/2miil.com\/en\/wp-json\/wp\/v2\/types\/page"}],"author":[{"embeddable":true,"href":"https:\/\/2miil.com\/en\/wp-json\/wp\/v2\/users\/1"}],"replies":[{"embeddable":true,"href":"https:\/\/2miil.com\/en\/wp-json\/wp\/v2\/comments?post=699"}],"version-history":[{"count":1,"href":"https:\/\/2miil.com\/en\/wp-json\/wp\/v2\/pages\/699\/revisions"}],"predecessor-version":[{"id":1913,"href":"https:\/\/2miil.com\/en\/wp-json\/wp\/v2\/pages\/699\/revisions\/1913"}],"up":[{"embeddable":true,"href":"https:\/\/2miil.com\/en\/wp-json\/wp\/v2\/pages\/55"}],"wp:attachment":[{"href":"https:\/\/2miil.com\/en\/wp-json\/wp\/v2\/media?parent=699"}],"curies":[{"name":"wp","href":"https:\/\/api.w.org\/{rel}","templated":true}]}}